{"id":2723,"date":"2023-11-21T17:23:21","date_gmt":"2023-11-21T16:23:21","guid":{"rendered":"https:\/\/www.camping-keranterec.com\/camping-bretagne-piscine-couverte\/"},"modified":"2023-12-07T15:17:22","modified_gmt":"2023-12-07T14:17:22","slug":"camping-bretagne-piscine-couverte","status":"publish","type":"page","link":"https:\/\/www.camping-keranterec.com\/es\/camping-bretagne-piscine-couverte\/","title":{"rendered":"Zona acu\u00e1tica"},"content":{"rendered":"\n<div class=\"is-layout-flow wp-block-group alignfull diaporama-header\">\n<figure class=\"is-layout-flex wp-block-gallery-1 wp-block-gallery has-nested-images columns-1 is-cropped fc-diapo fc-auto\">\n<figure class=\"wp-block-image size-full fc-auto\"><img alt=\"\" decoding=\"async\" loading=\"lazy\" width=\"1024\" height=\"684\" src=\"https:\/\/www.camping-keranterec.com\/wp-content\/uploads\/2023\/10\/camping-de-keranterec-4674-1-1024x684-1.jpg\" alt=\"\" class=\"wp-image-701\" srcset=\"https:\/\/www.camping-keranterec.com\/wp-content\/uploads\/2023\/10\/camping-de-keranterec-4674-1-1024x684-1.jpg 1024w, https:\/\/www.camping-keranterec.com\/wp-content\/uploads\/2023\/10\/camping-de-keranterec-4674-1-1024x684-1-300x200.jpg 300w, https:\/\/www.camping-keranterec.com\/wp-content\/uploads\/2023\/10\/camping-de-keranterec-4674-1-1024x684-1-768x513.jpg 768w\" sizes=\"(max-width: 1024px) 100vw, 1024px\" \/><\/figure>\n\n\n\n<figure class=\"wp-block-image size-full fc-auto\"><img alt=\"\" decoding=\"async\" loading=\"lazy\" width=\"1024\" height=\"684\" src=\"https:\/\/www.camping-keranterec.com\/wp-content\/uploads\/2023\/10\/camping-de-keranterec-4751-1024x684-1.jpg\" alt=\"\" class=\"wp-image-639\" srcset=\"https:\/\/www.camping-keranterec.com\/wp-content\/uploads\/2023\/10\/camping-de-keranterec-4751-1024x684-1.jpg 1024w, https:\/\/www.camping-keranterec.com\/wp-content\/uploads\/2023\/10\/camping-de-keranterec-4751-1024x684-1-300x200.jpg 300w, https:\/\/www.camping-keranterec.com\/wp-content\/uploads\/2023\/10\/camping-de-keranterec-4751-1024x684-1-768x513.jpg 768w\" sizes=\"(max-width: 1024px) 100vw, 1024px\" \/><\/figure>\n\n\n\n<figure class=\"wp-block-image size-full fc-auto\"><img alt=\"\" decoding=\"async\" loading=\"lazy\" width=\"1000\" height=\"664\" src=\"https:\/\/www.camping-keranterec.com\/wp-content\/uploads\/2023\/10\/copie-de-keranterec-09-piscine-couverte-026-photo-y-r-caoudal-quimper-france.jpg\" alt=\"\" class=\"wp-image-709\" srcset=\"https:\/\/www.camping-keranterec.com\/wp-content\/uploads\/2023\/10\/copie-de-keranterec-09-piscine-couverte-026-photo-y-r-caoudal-quimper-france.jpg 1000w, https:\/\/www.camping-keranterec.com\/wp-content\/uploads\/2023\/10\/copie-de-keranterec-09-piscine-couverte-026-photo-y-r-caoudal-quimper-france-300x199.jpg 300w, https:\/\/www.camping-keranterec.com\/wp-content\/uploads\/2023\/10\/copie-de-keranterec-09-piscine-couverte-026-photo-y-r-caoudal-quimper-france-768x510.jpg 768w\" sizes=\"(max-width: 1000px) 100vw, 1000px\" \/><\/figure>\n<\/figure>\n\n\n\n<h1 class=\"has-text-align-center\">Camping La For\u00eat-Fouesnant <span class=\"fc-span\">con piscina cubierta climatizada<\/span><\/h1>\n<\/div>\n\n<div class=\"is-layout-flex wp-container-10 wp-block-columns K-35 deco--vague\">\n<div class=\"is-layout-flow wp-block-column\" style=\"flex-basis:43%\">\n<p class=\"h3 has-bleu-color has-text-color\">Camping con piscinas cubiertas <span class=\"fc-span\">y al aire libre<\/span><\/p>\n\n\n\n<p>En el <a href=\"https:\/\/www.camping-keranterec.com\/es\/\" data-type=\"page\" data-id=\"2\"><strong>camping Fouesnant<\/strong><\/a> de K\u00e9rant\u00e9rec, le ofrecemos una <strong>zona de piscinas de 400 m\u00b2<\/strong> con <strong>dos grandes piscinas cubiertas y al aire libre climatizadas a 28\u00b0C,<\/strong> \u00a1para que disfrute de los placeres de la nataci\u00f3n durante sus fines de semana y vacaciones!<\/p>\n\n\n\n<div class=\"wp-block-fc-gut-lire-plus fc-mob\">\n<p>Seguir leyendo<\/p>\n\n\n\n<div class=\"is-layout-flow wp-block-group\">\n<h2 class=\"h5 has-dore-clair-color has-text-color\">Zona de piscina climatizada con piscinas cubiertas y al aire libre<\/h2>\n\n\n\n<p>La <strong>piscina<\/strong> descubierta tiene la mayor superficie de <strong>ba\u00f1o<\/strong>. Alrededor de esta piscina, encontrar\u00e1 una <strong>piscina de hidromasaje<\/strong> para adultos y una <strong>piscina<\/strong> infantil con un peque\u00f1o tobog\u00e1n.<\/p>\n\n\n\n<div class=\"wp-block-fc-gut-lire-plus fc-desk\">\n<p>Seguir leyendo<\/p>\n\n\n\n<div class=\"is-layout-flow wp-block-group\">\n<p>Este es tambi\u00e9n el lado donde podr\u00e1 disfrutar de una <strong>playa grande con instalaciones para tomar el sol<\/strong> para que pueda relajarse y disfrutar del sol bret\u00f3n.<\/p>\n\n\n\n<p>En cuanto abra el camping, nuestra <strong>piscina<\/strong> cubierta estar\u00e1 lista para darle la bienvenida. Tambi\u00e9n cuenta con tumbonas, una <strong>piscina infantil<\/strong> para los m\u00e1s peque\u00f1os y una seta.<\/p>\n\n\n\n<p>Para su tranquilidad, la<strong>zona de la piscina<\/strong> de nuestro <strong>camping en La for\u00eat-Fouesnant<\/strong>, cerca de los <strong>campings de Fouesnant<\/strong>, est\u00e1 reservada exclusivamente a las personas que alquilan una <a href=\"https:\/\/www.camping-keranterec.com\/es\/parcelas-de-acampada\/\" data-type=\"page\" data-id=\"366\">parcela de camping<\/a>, una <a href=\"https:\/\/www.camping-keranterec.com\/es\/location-mobil-home-bretagne-sud\/\" data-type=\"page\" data-id=\"354\">casa m\u00f3vil o un chal\u00e9<\/a>.<\/p>\n<\/div>\n<\/div>\n<\/div>\n<\/div>\n<\/div>\n\n\n\n<div class=\"is-layout-flow wp-block-column deco--bloc-vague\">\n<figure class=\"is-layout-flex wp-block-gallery-7 wp-block-gallery has-nested-images columns-default is-cropped  fade-left fc-diapo fc-full\">\n<figure class=\"wp-block-image size-full fc-auto\"><img alt=\"\" decoding=\"async\" loading=\"lazy\" width=\"1024\" height=\"684\" src=\"https:\/\/www.camping-keranterec.com\/wp-content\/uploads\/2023\/10\/camping-de-keranterec-4751-1024x684-1.jpg\" alt=\"\" class=\"wp-image-639\" srcset=\"https:\/\/www.camping-keranterec.com\/wp-content\/uploads\/2023\/10\/camping-de-keranterec-4751-1024x684-1.jpg 1024w, https:\/\/www.camping-keranterec.com\/wp-content\/uploads\/2023\/10\/camping-de-keranterec-4751-1024x684-1-300x200.jpg 300w, https:\/\/www.camping-keranterec.com\/wp-content\/uploads\/2023\/10\/camping-de-keranterec-4751-1024x684-1-768x513.jpg 768w\" sizes=\"(max-width: 1024px) 100vw, 1024px\" \/><\/figure>\n\n\n\n<figure class=\"wp-block-image size-large fc-auto\"><img alt=\"\" decoding=\"async\" loading=\"lazy\" width=\"1024\" height=\"684\" src=\"https:\/\/www.camping-keranterec.com\/wp-content\/uploads\/2023\/10\/camping-de-keranterec-5184-1024x684-1.jpg\" alt=\"\" class=\"wp-image-643\" srcset=\"https:\/\/www.camping-keranterec.com\/wp-content\/uploads\/2023\/10\/camping-de-keranterec-5184-1024x684-1.jpg 1024w, https:\/\/www.camping-keranterec.com\/wp-content\/uploads\/2023\/10\/camping-de-keranterec-5184-1024x684-1-300x200.jpg 300w, https:\/\/www.camping-keranterec.com\/wp-content\/uploads\/2023\/10\/camping-de-keranterec-5184-1024x684-1-768x513.jpg 768w\" sizes=\"(max-width: 1024px) 100vw, 1024px\" \/><\/figure>\n<\/figure>\n\n\n\n<div class=\"wp-block-fc-gut-encart fc-information\">\n<p><a href=\"https:\/\/www.camping-keranterec.com\/es\/galeria-de-fotos\/?galerie=piscine\" data-type=\"page\" data-id=\"362\">M\u00e1s informaci\u00f3n  <span class=\"fc-icon camera-light\"><\/span><\/a><\/p>\n<\/div>\n<\/div>\n<\/div>\n\n<div class=\"is-layout-flex wp-container-19 wp-block-columns alignfull K-25 reverse-mob has-bleu-clair-background-color has-background\">\n<div class=\"is-layout-flow wp-block-column K-25-col\">\n<figure class=\"is-layout-flex wp-block-gallery-11 wp-block-gallery has-nested-images columns-2 is-cropped  fade-left fc-auto\">\n<figure class=\"wp-block-image size-large fc-auto\"><img alt=\"\" decoding=\"async\" loading=\"lazy\" width=\"751\" height=\"1024\" src=\"https:\/\/www.camping-keranterec.com\/wp-content\/uploads\/2023\/10\/xennie-moore-DqMGQuaJVtQ-unsplash-1-751x1024.jpg\" alt=\"\" class=\"wp-image-677\" srcset=\"https:\/\/www.camping-keranterec.com\/wp-content\/uploads\/2023\/10\/xennie-moore-DqMGQuaJVtQ-unsplash-1-751x1024.jpg 751w, https:\/\/www.camping-keranterec.com\/wp-content\/uploads\/2023\/10\/xennie-moore-DqMGQuaJVtQ-unsplash-1-220x300.jpg 220w, https:\/\/www.camping-keranterec.com\/wp-content\/uploads\/2023\/10\/xennie-moore-DqMGQuaJVtQ-unsplash-1-768x1048.jpg 768w, https:\/\/www.camping-keranterec.com\/wp-content\/uploads\/2023\/10\/xennie-moore-DqMGQuaJVtQ-unsplash-1.jpg 933w\" sizes=\"(max-width: 751px) 100vw, 751px\" \/><\/figure>\n\n\n\n<figure class=\"wp-block-image size-large fc-auto\"><img alt=\"\" decoding=\"async\" loading=\"lazy\" width=\"1024\" height=\"999\" src=\"https:\/\/www.camping-keranterec.com\/wp-content\/uploads\/2023\/09\/img_7264-1-1024x628-2.jpg\" alt=\"\" class=\"wp-image-185\" srcset=\"https:\/\/www.camping-keranterec.com\/wp-content\/uploads\/2023\/09\/img_7264-1-1024x628-2.jpg 1024w, https:\/\/www.camping-keranterec.com\/wp-content\/uploads\/2023\/09\/img_7264-1-1024x628-2-300x293.jpg 300w, https:\/\/www.camping-keranterec.com\/wp-content\/uploads\/2023\/09\/img_7264-1-1024x628-2-768x749.jpg 768w\" sizes=\"(max-width: 1024px) 100vw, 1024px\" \/><\/figure>\n<\/figure>\n\n\n\n<div class=\"wp-block-fc-gut-encart fc-information\">\n<p><a href=\"https:\/\/www.camping-keranterec.com\/es\/servicios\/\" data-type=\"page\" data-id=\"360\">Descubra nuestros servicios  <span class=\"fc-icon bell-concierge-sharp-light\"><\/span><\/a><\/p>\n<\/div>\n<\/div>\n\n\n\n<div class=\"is-layout-flow wp-block-column\">\n<h2 class=\"etc fade-right h1 has-dore-color has-text-color\">\u00bfTienes hambre?  <span class=\"fc-span\">El camping tiene todo lo necesario para satisfacer sus papilas gustativas.<\/span><\/h2>\n\n\n\n<p>\u00bfTienes sed? \u00bfTienes hambre? Encontrar\u00e1s el Paillote junto a <strong>la piscina<\/strong>. Hay un mont\u00f3n de <strong>aperitivos y bebidas fr\u00edas<\/strong> para mantenerte fresco durante todo el d\u00eda.<\/p>\n\n\n\n<div class=\"wp-block-fc-gut-lire-plus fc-mob\">\n<p>Seguir leyendo<\/p>\n\n\n\n<div class=\"is-layout-flow wp-block-group\">\n<div class=\"is-layout-flex wp-container-16 wp-block-columns\">\n<div class=\"is-layout-flow wp-block-column\">\n<h3 class=\"h5\">HORA DE COMER<\/h3>\n\n\n\n<p>Las vacaciones tambi\u00e9n son el momento perfecto para relajarse y dejarse llevar. As\u00ed que si no le apetece cocinar, encontrar\u00e1 toda una gama de tentempi\u00e9s para llenar la barriga de los m\u00e1s hambrientos. Las patatas fritas y los paninis esperan a ser comidos.<\/p>\n\n\n\n<p>Si desea saciar su sed, la choza de paja es tambi\u00e9n el lugar indicado para tomar bebidas y c\u00f3cteles, \u00a1disponibles durante todo el d\u00eda!<\/p>\n<\/div>\n\n\n\n<div class=\"is-layout-flow wp-block-column\">\n<h3 class=\"h5\">EL GUSTO<\/h3>\n\n\n\n<p>Otra parte esencial del d\u00eda es la hora de la merienda. Despu\u00e9s de pasar varias horas jugando en la piscina, seguro que usted o sus hijos tendr\u00e1n mucha hambre. En nuestro camping cerca de Fouesnant, le ofrecemos una amplia gama de tentempi\u00e9s: helados, crepes y granizados le har\u00e1n pasar un d\u00eda inolvidable junto a la piscina.<\/p>\n<\/div>\n<\/div>\n<\/div>\n<\/div>\n<\/div>\n<\/div>\n\n<div class=\"is-layout-flex wp-container-25 wp-block-columns K-40 reverse-mob\">\n<div class=\"is-layout-flow wp-block-column deco--bateau K-40-col\">\n<figure class=\"is-layout-flex wp-block-gallery-20 wp-block-gallery has-nested-images columns-default is-cropped fc-full\">\n<figure class=\"wp-block-image size-full fc-auto\"><img alt=\"\" decoding=\"async\" loading=\"lazy\" width=\"1024\" height=\"684\" src=\"https:\/\/www.camping-keranterec.com\/wp-content\/uploads\/2023\/10\/camping-de-keranterec-4568-1024x684-3.jpg\" alt=\"\" class=\"wp-image-635\" srcset=\"https:\/\/www.camping-keranterec.com\/wp-content\/uploads\/2023\/10\/camping-de-keranterec-4568-1024x684-3.jpg 1024w, https:\/\/www.camping-keranterec.com\/wp-content\/uploads\/2023\/10\/camping-de-keranterec-4568-1024x684-3-300x200.jpg 300w, https:\/\/www.camping-keranterec.com\/wp-content\/uploads\/2023\/10\/camping-de-keranterec-4568-1024x684-3-768x513.jpg 768w\" sizes=\"(max-width: 1024px) 100vw, 1024px\" \/><\/figure>\n\n\n\n<figure class=\"wp-block-image size-full fc-auto\"><img alt=\"\" decoding=\"async\" loading=\"lazy\" width=\"1024\" height=\"684\" src=\"https:\/\/www.camping-keranterec.com\/wp-content\/uploads\/2023\/10\/camping-de-keranterec-4674-1-1024x684-1.jpg\" alt=\"\" class=\"wp-image-701\" srcset=\"https:\/\/www.camping-keranterec.com\/wp-content\/uploads\/2023\/10\/camping-de-keranterec-4674-1-1024x684-1.jpg 1024w, https:\/\/www.camping-keranterec.com\/wp-content\/uploads\/2023\/10\/camping-de-keranterec-4674-1-1024x684-1-300x200.jpg 300w, https:\/\/www.camping-keranterec.com\/wp-content\/uploads\/2023\/10\/camping-de-keranterec-4674-1-1024x684-1-768x513.jpg 768w\" sizes=\"(max-width: 1024px) 100vw, 1024px\" \/><\/figure>\n<\/figure>\n\n\n\n<div class=\"is-layout-flex wp-block-buttons\">\n<div class=\"wp-block-button fc-style-3\"><a class=\"wp-block-button__link wp-element-button\" href=\"https:\/\/www.camping-keranterec.com\/es\/galeria-de-fotos\/\">Ver la galer\u00eda de fotos<\/a><\/div>\n<\/div>\n<\/div>\n\n\n\n<div class=\"is-layout-flow wp-block-column K-40-col2\" style=\"flex-basis:28%\">\n<p class=\"h2\">Toboganes acu\u00e1ticos<span class=\"fc-span\"> <\/span><span class=\"fc-span\">en un camping de Finist\u00e8re<\/span><\/p>\n\n\n\n<h2 class=\"h4 has-dore-clair-color has-text-color\">Descubra nuestros toboganes<\/h2>\n\n\n\n<ul class=\"pictos has-dore-color has-text-color\">\n<li><span class=\"fc-icon person-sledding-light\"><\/span>  Tobog\u00e1n acu\u00e1tico<\/li>\n\n\n\n<li><span class=\"fc-icon water-light\"><\/span>  Juegos acu\u00e1ticos<\/li>\n<\/ul>\n\n\n\n<p>\u00a1Ven a deslizarte por uno de nuestros <strong>dos toboganes<\/strong> y sus piscinas de recepci\u00f3n!<\/p>\n\n\n\n<p>Accesibles a los ni\u00f1os mayores, completan la oferta de <a href=\"https:\/\/www.camping-keranterec.com\/es\/equipo\/\" data-type=\"page\" data-id=\"374\">ocio<\/a> de nuestro camping cerca de Fouesnant.<\/p>\n<\/div>\n<\/div>\n\n<div class=\"is-layout-flex wp-container-31 wp-block-columns alignfull K-15 reverse-mob has-bleu-background-color has-background\">\n<div class=\"is-layout-flow wp-block-column\">\n<figure class=\"is-layout-flex wp-block-gallery-26 wp-block-gallery has-nested-images columns-default is-cropped  fade-right fc-auto\">\n<figure class=\"wp-block-image size-large fc-auto\"><img alt=\"\" decoding=\"async\" loading=\"lazy\" width=\"1024\" height=\"684\" src=\"https:\/\/www.camping-keranterec.com\/wp-content\/uploads\/2023\/10\/camping-de-keranterec-5249-1024x684-1.jpg\" alt=\"\" class=\"wp-image-705\" srcset=\"https:\/\/www.camping-keranterec.com\/wp-content\/uploads\/2023\/10\/camping-de-keranterec-5249-1024x684-1.jpg 1024w, https:\/\/www.camping-keranterec.com\/wp-content\/uploads\/2023\/10\/camping-de-keranterec-5249-1024x684-1-300x200.jpg 300w, https:\/\/www.camping-keranterec.com\/wp-content\/uploads\/2023\/10\/camping-de-keranterec-5249-1024x684-1-768x513.jpg 768w\" sizes=\"(max-width: 1024px) 100vw, 1024px\" \/><\/figure>\n\n\n\n<figure class=\"wp-block-image size-large fc-auto\"><img alt=\"\" decoding=\"async\" loading=\"lazy\" width=\"1000\" height=\"664\" src=\"https:\/\/www.camping-keranterec.com\/wp-content\/uploads\/2023\/10\/copie-de-keranterec-09-piscine-couverte-026-photo-y-r-caoudal-quimper-france.jpg\" alt=\"\" class=\"wp-image-709\" srcset=\"https:\/\/www.camping-keranterec.com\/wp-content\/uploads\/2023\/10\/copie-de-keranterec-09-piscine-couverte-026-photo-y-r-caoudal-quimper-france.jpg 1000w, https:\/\/www.camping-keranterec.com\/wp-content\/uploads\/2023\/10\/copie-de-keranterec-09-piscine-couverte-026-photo-y-r-caoudal-quimper-france-300x199.jpg 300w, https:\/\/www.camping-keranterec.com\/wp-content\/uploads\/2023\/10\/copie-de-keranterec-09-piscine-couverte-026-photo-y-r-caoudal-quimper-france-768x510.jpg 768w\" sizes=\"(max-width: 1000px) 100vw, 1000px\" \/><\/figure>\n<\/figure>\n<\/div>\n\n\n\n<div class=\"is-layout-flow wp-block-column deco--flore-plage\">\n<h2 class=\"h3 fade-right\">Aproveche al m\u00e1ximo el parque acu\u00e1tico de <span class=\"fc-span\">nuestro camping<\/span><\/h2>\n\n\n\n<p>\u00bfY para los adultos? <strong>Tumbonas y ba\u00f1era de hidromasaje<\/strong>.<br\/><br\/>Si sus vacaciones <strong>tambi\u00e9n son para relajarse y descansar<\/strong>, nuestra zona acu\u00e1tica seguro que le encantar\u00e1. Hay muchas <strong>tumbonas<\/strong> en la \u00abplaya\u00bb que rodea las distintas piscinas.<\/p>\n\n\n\n<div class=\"wp-block-fc-gut-lire-plus fc-desk\">\n<p>Seguir leyendo<\/p>\n\n\n\n<div class=\"is-layout-flow wp-block-group\">\n<p>Tambi\u00e9n dispone de una <strong>ba\u00f1era de hidromasaje<\/strong> si desea disfrutar de una sesi\u00f3n de balneoterapia durante su escala.<\/p>\n\n\n\n<p>Como aut\u00e9ntico camping familiar, hemos dise\u00f1ado estas <strong>dos<\/strong> piscinas para que todos puedan disfrutar de su estancia como deseen.<\/p>\n<\/div>\n<\/div>\n<\/div>\n<\/div>\n\n<div class=\"is-layout-flex wp-container-34 wp-block-columns K-35 deco--fleurs\">\n<div class=\"is-layout-flow wp-block-column\" style=\"flex-basis:43%\">\n<h3 class=\"h1 fade-right has-dore-color has-text-color\">Condiciones de utilizaci\u00f3n de la <span class=\"fc-span\">piscina del camping<\/span><\/h3>\n\n\n\n<div class=\"wp-block-fc-gut-encart has-blanc-background-color has-background fc-alerte\">\n<p>Abierto desde el 8 de abril (piscina cubierta) y el 1 de mayo (piscina al aire libre) hasta el 24 de septiembre de 2023 (de 9.30 a 20.00).<\/p>\n\n\n\n<ul>\n<li>Piscinas no supervisadas<\/li>\n\n\n\n<li>Los shorts de ba\u00f1o est\u00e1n prohibidos en toda la zona de la piscina.<\/li>\n\n\n\n<li>Es obligatorio llevar ba\u00f1ador<\/li>\n\n\n\n<li>Toda persona que acceda a la zona acu\u00e1tica deber\u00e1 ducharse al entrar.<\/li>\n<\/ul>\n<\/div>\n<\/div>\n\n\n\n<div class=\"is-layout-flow wp-block-column deco--bloc-vague\">\n<figure class=\"wp-block-image size-full fc-auto\"><img alt=\"\" decoding=\"async\" loading=\"lazy\" width=\"1024\" height=\"684\" src=\"https:\/\/www.camping-keranterec.com\/wp-content\/uploads\/2023\/10\/camping-de-keranterec-5219-1024x684-1.jpg\" alt=\"\" class=\"wp-image-631\" srcset=\"https:\/\/www.camping-keranterec.com\/wp-content\/uploads\/2023\/10\/camping-de-keranterec-5219-1024x684-1.jpg 1024w, https:\/\/www.camping-keranterec.com\/wp-content\/uploads\/2023\/10\/camping-de-keranterec-5219-1024x684-1-300x200.jpg 300w, https:\/\/www.camping-keranterec.com\/wp-content\/uploads\/2023\/10\/camping-de-keranterec-5219-1024x684-1-768x513.jpg 768w\" sizes=\"(max-width: 1024px) 100vw, 1024px\" \/><\/figure>\n<\/div>\n<\/div>\n\n<div class=\"is-layout-constrained wp-block-group K-20 deco--vague\">\n<div class=\"is-layout-flex wp-container-37 wp-block-columns\">\n<div class=\"is-layout-flow wp-block-column\">\n<h2 class=\"fade-right has-dore-color has-text-color\"><span class=\"fc-span\">Tambi\u00e9n<\/span> le gustar\u00e1&#8230;<\/h2>\n<\/div>\n\n\n\n<div class=\"is-layout-flow wp-block-column is-vertically-aligned-bottom fade-left deco--bloc-vague\">\n<p>Sus magn\u00edficos paisajes, su pr\u00f3spera cultura y su deliciosa gastronom\u00eda hacen de Breta\u00f1a una regi\u00f3n rica en descubrimientos. Sum\u00e9rjase en la encantadora atm\u00f3sfera de los binios y las bombardas, respire el aire marino y admire c\u00f3mo el mar se funde armoniosamente con los escarpados acantilados de Finisterre. No le faltar\u00e1n oportunidades para disfrutar de una escapada inolvidable en Breta\u00f1a.<\/p>\n<\/div>\n<\/div>\n\n\n\n<div class=\"is-layout-flex wp-container-44 wp-block-columns maillage fc-diapo-mob\">\n<div class=\"is-layout-flow wp-block-column\">\n<div class=\"is-layout-constrained wp-block-group\">\n<figure class=\"wp-block-image size-full fc-auto\"><a href=\"https:\/\/www.camping-keranterec.com\/es\/location-mobil-home-bretagne-sud\/\"><img alt=\"\" decoding=\"async\" loading=\"lazy\" width=\"1025\" height=\"1024\" src=\"https:\/\/www.camping-keranterec.com\/wp-content\/uploads\/2023\/09\/brehat-32-3-1.jpg\" alt=\"\" class=\"wp-image-168\" srcset=\"https:\/\/www.camping-keranterec.com\/wp-content\/uploads\/2023\/09\/brehat-32-3-1.jpg 1025w, https:\/\/www.camping-keranterec.com\/wp-content\/uploads\/2023\/09\/brehat-32-3-1-300x300.jpg 300w, https:\/\/www.camping-keranterec.com\/wp-content\/uploads\/2023\/09\/brehat-32-3-1-150x150.jpg 150w, https:\/\/www.camping-keranterec.com\/wp-content\/uploads\/2023\/09\/brehat-32-3-1-768x767.jpg 768w\" sizes=\"(max-width: 1025px) 100vw, 1025px\" \/><\/a><figcaption class=\"wp-element-caption\">Alquileres<\/figcaption><\/figure>\n<\/div>\n<\/div>\n\n\n\n<div class=\"is-layout-flow wp-block-column\">\n<div class=\"is-layout-constrained wp-block-group\">\n<figure class=\"wp-block-image size-full fc-auto\"><a href=\"https:\/\/www.camping-keranterec.com\/es\/actividades\/\"><img alt=\"\" decoding=\"async\" loading=\"lazy\" width=\"732\" height=\"1024\" src=\"https:\/\/www.camping-keranterec.com\/wp-content\/uploads\/2023\/10\/brehat-32-3-3.jpg\" alt=\"\" class=\"wp-image-261\" srcset=\"https:\/\/www.camping-keranterec.com\/wp-content\/uploads\/2023\/10\/brehat-32-3-3.jpg 732w, https:\/\/www.camping-keranterec.com\/wp-content\/uploads\/2023\/10\/brehat-32-3-3-214x300.jpg 214w\" sizes=\"(max-width: 732px) 100vw, 732px\" \/><\/a><figcaption class=\"wp-element-caption\">Entretenimiento<\/figcaption><\/figure>\n<\/div>\n<\/div>\n\n\n\n<div class=\"is-layout-flow wp-block-column\">\n<div class=\"is-layout-constrained wp-block-group\">\n<figure class=\"wp-block-image size-full fc-auto\"><a href=\"https:\/\/www.camping-keranterec.com\/es\/servicios\/\"><img alt=\"\" decoding=\"async\" loading=\"lazy\" width=\"1024\" height=\"1025\" src=\"https:\/\/www.camping-keranterec.com\/wp-content\/uploads\/2023\/10\/brehat-32-3.jpg\" alt=\"\" class=\"wp-image-217\" srcset=\"https:\/\/www.camping-keranterec.com\/wp-content\/uploads\/2023\/10\/brehat-32-3.jpg 1024w, https:\/\/www.camping-keranterec.com\/wp-content\/uploads\/2023\/10\/brehat-32-3-300x300.jpg 300w, https:\/\/www.camping-keranterec.com\/wp-content\/uploads\/2023\/10\/brehat-32-3-150x150.jpg 150w, https:\/\/www.camping-keranterec.com\/wp-content\/uploads\/2023\/10\/brehat-32-3-768x769.jpg 768w\" sizes=\"(max-width: 1024px) 100vw, 1024px\" \/><\/a><figcaption class=\"wp-element-caption\">Nuestros servicios<\/figcaption><\/figure>\n<\/div>\n<\/div>\n<\/div>\n<\/div>\n","protected":false},"excerpt":{"rendered":"<p>Camping La For\u00eat-Fouesnant con piscina cubierta climatizada Camping con piscinas cubiertas y al aire libre En el camping Fouesnant de K\u00e9rant\u00e9rec, le ofrecemos una zona de piscinas de 400 m\u00b2 con dos grandes piscinas cubiertas y al aire libre climatizadas a 28\u00b0C, \u00a1para que disfrute de los placeres de la nataci\u00f3n durante sus fines de [&hellip;]<\/p>\n","protected":false},"author":1,"featured_media":0,"parent":0,"menu_order":0,"comment_status":"closed","ping_status":"closed","template":"","meta":{"_seopress_robots_primary_cat":"","_seopress_titles_title":"","_seopress_titles_desc":"","_seopress_robots_index":""},"acf":[],"_links":{"self":[{"href":"https:\/\/www.camping-keranterec.com\/es\/wp-json\/wp\/v2\/pages\/2723"}],"collection":[{"href":"https:\/\/www.camping-keranterec.com\/es\/wp-json\/wp\/v2\/pages"}],"about":[{"href":"https:\/\/www.camping-keranterec.com\/es\/wp-json\/wp\/v2\/types\/page"}],"author":[{"embeddable":true,"href":"https:\/\/www.camping-keranterec.com\/es\/wp-json\/wp\/v2\/users\/1"}],"replies":[{"embeddable":true,"href":"https:\/\/www.camping-keranterec.com\/es\/wp-json\/wp\/v2\/comments?post=2723"}],"version-history":[{"count":6,"href":"https:\/\/www.camping-keranterec.com\/es\/wp-json\/wp\/v2\/pages\/2723\/revisions"}],"predecessor-version":[{"id":4219,"href":"https:\/\/www.camping-keranterec.com\/es\/wp-json\/wp\/v2\/pages\/2723\/revisions\/4219"}],"wp:attachment":[{"href":"https:\/\/www.camping-keranterec.com\/es\/wp-json\/wp\/v2\/media?parent=2723"}],"curies":[{"name":"wp","href":"https:\/\/api.w.org\/{rel}","templated":true}]}}