{"id":2703,"date":"2023-11-21T17:23:18","date_gmt":"2023-11-21T16:23:18","guid":{"rendered":"https:\/\/www.camping-keranterec.com\/parcelas-de-acampada\/"},"modified":"2023-12-07T15:19:38","modified_gmt":"2023-12-07T14:19:38","slug":"parcelas-de-acampada","status":"publish","type":"page","link":"https:\/\/www.camping-keranterec.com\/es\/parcelas-de-acampada\/","title":{"rendered":"Alojamiento &#8211; Parcelas"},"content":{"rendered":"\n<div class=\"is-layout-flow wp-block-group alignfull diaporama-header\">\n<figure class=\"is-layout-flex wp-block-gallery-1 wp-block-gallery has-nested-images columns-1 is-cropped fc-diapo fc-auto\">\n<figure class=\"wp-block-image size-full fc-auto\"><img alt=\"\" decoding=\"async\" loading=\"lazy\" width=\"1024\" height=\"683\" src=\"https:\/\/www.camping-keranterec.com\/wp-content\/uploads\/2023\/10\/dsc_0266-1024x683-2.jpg\" alt=\"\" class=\"wp-image-1617\" srcset=\"https:\/\/www.camping-keranterec.com\/wp-content\/uploads\/2023\/10\/dsc_0266-1024x683-2.jpg 1024w, https:\/\/www.camping-keranterec.com\/wp-content\/uploads\/2023\/10\/dsc_0266-1024x683-2-300x200.jpg 300w, https:\/\/www.camping-keranterec.com\/wp-content\/uploads\/2023\/10\/dsc_0266-1024x683-2-768x512.jpg 768w\" sizes=\"(max-width: 1024px) 100vw, 1024px\" \/><\/figure>\n\n\n\n<figure class=\"wp-block-image size-full fc-auto\"><img alt=\"\" decoding=\"async\" loading=\"lazy\" width=\"1429\" height=\"801\" src=\"https:\/\/www.camping-keranterec.com\/wp-content\/uploads\/2023\/10\/pict_18_1.jpg\" alt=\"\" class=\"wp-image-1949\" srcset=\"https:\/\/www.camping-keranterec.com\/wp-content\/uploads\/2023\/10\/pict_18_1.jpg 1429w, https:\/\/www.camping-keranterec.com\/wp-content\/uploads\/2023\/10\/pict_18_1-300x168.jpg 300w, https:\/\/www.camping-keranterec.com\/wp-content\/uploads\/2023\/10\/pict_18_1-1024x574.jpg 1024w, https:\/\/www.camping-keranterec.com\/wp-content\/uploads\/2023\/10\/pict_18_1-768x430.jpg 768w\" sizes=\"(max-width: 1429px) 100vw, 1429px\" \/><\/figure>\n\n\n\n<figure class=\"wp-block-image size-full fc-auto\"><img alt=\"\" decoding=\"async\" loading=\"lazy\" width=\"1429\" height=\"801\" src=\"https:\/\/www.camping-keranterec.com\/wp-content\/uploads\/2023\/10\/pict_19_1.jpg\" alt=\"\" class=\"wp-image-1953\" srcset=\"https:\/\/www.camping-keranterec.com\/wp-content\/uploads\/2023\/10\/pict_19_1.jpg 1429w, https:\/\/www.camping-keranterec.com\/wp-content\/uploads\/2023\/10\/pict_19_1-300x168.jpg 300w, https:\/\/www.camping-keranterec.com\/wp-content\/uploads\/2023\/10\/pict_19_1-1024x574.jpg 1024w, https:\/\/www.camping-keranterec.com\/wp-content\/uploads\/2023\/10\/pict_19_1-768x430.jpg 768w\" sizes=\"(max-width: 1429px) 100vw, 1429px\" \/><\/figure>\n<\/figure>\n\n\n\n<h1 class=\"has-text-align-center\">Nuestras parcelas <span class=\"fc-span\">en La For\u00eat Fouesnant<\/span><\/h1>\n<\/div>\n\n<div class=\"is-layout-flex wp-container-10 wp-block-columns K-35 deco--fleurs\">\n<div class=\"is-layout-flow wp-block-column\" style=\"flex-basis:43%\">\n<p class=\"h3 has-bleu-clair-color has-text-color\">Vacaciones de camping <span class=\"fc-span\">en Finisterre<\/span><\/p>\n\n\n\n<p>El camping 4* K\u00e9rant\u00e9rec le da la bienvenida para sus <strong>vacaciones en parcela<\/strong> en el <strong>sur del Finisterre<\/strong>, \u00a1junto al mar! Situado entre <a href=\"https:\/\/www.camping-keranterec.com\/es\/alentours\/fouesnant-les-glenan\/\" data-type=\"alentours\" data-id=\"837\">Fouesnant<\/a> y Concarneau, el camping goza de una ubicaci\u00f3n ideal para descubrir la regi\u00f3n disfrutando del mar.<\/p>\n\n\n\n<div class=\"wp-block-fc-gut-lire-plus fc-mob\">\n<p>Seguir leyendo<\/p>\n\n\n\n<div class=\"is-layout-flow wp-block-group\">\n<h2 class=\"h4 has-dore-clair-color has-text-color\">Parcelas para tiendas, caravanas y autocaravanas junto al mar<\/h2>\n\n\n\n<p>Para los amantes de la acampada tradicional, disponemos de <strong>parcelas<\/strong> en las que podr\u00e1 montar su <strong>tienda<\/strong> o alojarse en <strong>caravana <\/strong>o <strong>autocaravana<\/strong>.<\/p>\n\n\n\n<div class=\"wp-block-fc-gut-lire-plus fc-desk\">\n<p>Seguir leyendo<\/p>\n\n\n\n<div class=\"is-layout-flow wp-block-group\">\n<p>Estaremos encantados de recibirle a usted y a su equipo en el camping K\u00e9rant\u00e9rec para sus pr\u00f3ximas <strong>vacaciones en el sur del Finisterre<\/strong>. En familia o entre amigos, descubra o redescubra el placer de acampar en <strong>c\u00f3modas parcelas a pocos metros de la playa<\/strong>.<\/p>\n\n\n\n<p>Todas las parcelas son espaciosas y est\u00e1n delimitadas por setos, para que pueda disfrutar de su propio espacio personal. Seg\u00fan sus preferencias, puede elegir un <strong>lugar soleado<\/strong>, sombreado o semisombreado.<\/p>\n<\/div>\n<\/div>\n<\/div>\n<\/div>\n\n\n\n<div class=\"wp-block-fc-gut-encart fc-alerte\">\n<p class=\"deco--chien\"><strong>Aseo:<\/strong> ducha para perros<\/p>\n<\/div>\n\n\n\n<ul class=\"pictos-small\">\n<li><a href=\"https:\/\/www.camping-keranterec.com\/es\/informacion-practica\/\" data-type=\"page\" data-id=\"376\"><span class=\"fc-icon dog-light\"><\/span> <strong>Aceptamos mascotas<\/strong><\/a><\/li>\n<\/ul>\n<\/div>\n\n\n\n<div class=\"is-layout-flow wp-block-column deco--bloc-vague\">\n<figure class=\"is-layout-flex wp-block-gallery-7 wp-block-gallery has-nested-images columns-default is-cropped  fade-left fc-full\">\n<figure class=\"wp-block-image size-large fc-auto\"><img alt=\"\" decoding=\"async\" loading=\"lazy\" width=\"1024\" height=\"683\" src=\"https:\/\/www.camping-keranterec.com\/wp-content\/uploads\/2023\/10\/dsc_0266-1024x683-1.jpg\" alt=\"\" class=\"wp-image-1597\" srcset=\"https:\/\/www.camping-keranterec.com\/wp-content\/uploads\/2023\/10\/dsc_0266-1024x683-1.jpg 1024w, https:\/\/www.camping-keranterec.com\/wp-content\/uploads\/2023\/10\/dsc_0266-1024x683-1-300x200.jpg 300w, https:\/\/www.camping-keranterec.com\/wp-content\/uploads\/2023\/10\/dsc_0266-1024x683-1-768x512.jpg 768w\" sizes=\"(max-width: 1024px) 100vw, 1024px\" \/><\/figure>\n\n\n\n<figure class=\"wp-block-image size-large fc-auto\"><img alt=\"\" decoding=\"async\" loading=\"lazy\" width=\"960\" height=\"640\" src=\"https:\/\/www.camping-keranterec.com\/wp-content\/uploads\/2023\/10\/photo-emplacement.jpg\" alt=\"\" class=\"wp-image-1601\" srcset=\"https:\/\/www.camping-keranterec.com\/wp-content\/uploads\/2023\/10\/photo-emplacement.jpg 960w, https:\/\/www.camping-keranterec.com\/wp-content\/uploads\/2023\/10\/photo-emplacement-300x200.jpg 300w, https:\/\/www.camping-keranterec.com\/wp-content\/uploads\/2023\/10\/photo-emplacement-768x512.jpg 768w\" sizes=\"(max-width: 960px) 100vw, 960px\" \/><\/figure>\n<\/figure>\n\n\n\n<div class=\"wp-block-fc-gut-encart fc-information\">\n<p class=\"has-dore-clair-background-color has-background\"><a href=\"https:\/\/www.camping-keranterec.com\/es\/servicios\/\" data-type=\"page\" data-id=\"360\">Ver los servicios  <span class=\"fc-icon martini-glass-citrus-light\"><\/span><\/a><\/p>\n<\/div>\n<\/div>\n<\/div>\n\n<div class=\"is-layout-flex wp-container-20 wp-block-columns alignfull are-vertically-aligned-center K-25 reverse-mob has-bleu-clair-background-color has-background\">\n<div class=\"is-layout-flow wp-block-column is-vertically-aligned-center K-25-col\">\n<figure class=\"is-layout-flex wp-block-gallery-11 wp-block-gallery has-nested-images columns-2 is-cropped  fade-right fc-diapo fc-auto\">\n<figure class=\"wp-block-image size-large fc-auto\"><img alt=\"\" decoding=\"async\" loading=\"lazy\" width=\"1024\" height=\"682\" src=\"https:\/\/www.camping-keranterec.com\/wp-content\/uploads\/2023\/10\/photo-2-crique-1024x682-1.jpg\" alt=\"\" class=\"wp-image-1605\" srcset=\"https:\/\/www.camping-keranterec.com\/wp-content\/uploads\/2023\/10\/photo-2-crique-1024x682-1.jpg 1024w, https:\/\/www.camping-keranterec.com\/wp-content\/uploads\/2023\/10\/photo-2-crique-1024x682-1-300x200.jpg 300w, https:\/\/www.camping-keranterec.com\/wp-content\/uploads\/2023\/10\/photo-2-crique-1024x682-1-768x512.jpg 768w\" sizes=\"(max-width: 1024px) 100vw, 1024px\" \/><\/figure>\n\n\n\n<figure class=\"wp-block-image size-large fc-auto\"><img alt=\"\" decoding=\"async\" loading=\"lazy\" width=\"768\" height=\"1024\" src=\"https:\/\/www.camping-keranterec.com\/wp-content\/uploads\/2023\/10\/img_0369-768x1024-1.jpg\" alt=\"\" class=\"wp-image-1609\" srcset=\"https:\/\/www.camping-keranterec.com\/wp-content\/uploads\/2023\/10\/img_0369-768x1024-1.jpg 768w, https:\/\/www.camping-keranterec.com\/wp-content\/uploads\/2023\/10\/img_0369-768x1024-1-225x300.jpg 225w\" sizes=\"(max-width: 768px) 100vw, 768px\" \/><\/figure>\n\n\n\n<figure class=\"wp-block-image size-large fc-auto\"><img alt=\"\" decoding=\"async\" loading=\"lazy\" width=\"1024\" height=\"683\" src=\"https:\/\/www.camping-keranterec.com\/wp-content\/uploads\/2023\/10\/056-1024x683-1.jpg\" alt=\"\" class=\"wp-image-1613\" srcset=\"https:\/\/www.camping-keranterec.com\/wp-content\/uploads\/2023\/10\/056-1024x683-1.jpg 1024w, https:\/\/www.camping-keranterec.com\/wp-content\/uploads\/2023\/10\/056-1024x683-1-300x200.jpg 300w, https:\/\/www.camping-keranterec.com\/wp-content\/uploads\/2023\/10\/056-1024x683-1-768x512.jpg 768w\" sizes=\"(max-width: 1024px) 100vw, 1024px\" \/><\/figure>\n\n\n\n<figure class=\"wp-block-image size-large fc-auto\"><img alt=\"\" decoding=\"async\" loading=\"lazy\" width=\"1024\" height=\"683\" src=\"https:\/\/www.camping-keranterec.com\/wp-content\/uploads\/2023\/10\/dsc_0266-1024x683-2.jpg\" alt=\"\" class=\"wp-image-1617\" srcset=\"https:\/\/www.camping-keranterec.com\/wp-content\/uploads\/2023\/10\/dsc_0266-1024x683-2.jpg 1024w, https:\/\/www.camping-keranterec.com\/wp-content\/uploads\/2023\/10\/dsc_0266-1024x683-2-300x200.jpg 300w, https:\/\/www.camping-keranterec.com\/wp-content\/uploads\/2023\/10\/dsc_0266-1024x683-2-768x512.jpg 768w\" sizes=\"(max-width: 1024px) 100vw, 1024px\" \/><\/figure>\n\n\n\n<figure class=\"wp-block-image size-large fc-auto\"><img alt=\"\" decoding=\"async\" loading=\"lazy\" width=\"1024\" height=\"1024\" src=\"https:\/\/www.camping-keranterec.com\/wp-content\/uploads\/2023\/10\/7f7021ca-7fff-48db-99d9-36b9da3f3333-1024x1024-1.jpg\" alt=\"\" class=\"wp-image-1621\" srcset=\"https:\/\/www.camping-keranterec.com\/wp-content\/uploads\/2023\/10\/7f7021ca-7fff-48db-99d9-36b9da3f3333-1024x1024-1.jpg 1024w, https:\/\/www.camping-keranterec.com\/wp-content\/uploads\/2023\/10\/7f7021ca-7fff-48db-99d9-36b9da3f3333-1024x1024-1-300x300.jpg 300w, https:\/\/www.camping-keranterec.com\/wp-content\/uploads\/2023\/10\/7f7021ca-7fff-48db-99d9-36b9da3f3333-1024x1024-1-150x150.jpg 150w, https:\/\/www.camping-keranterec.com\/wp-content\/uploads\/2023\/10\/7f7021ca-7fff-48db-99d9-36b9da3f3333-1024x1024-1-768x768.jpg 768w\" sizes=\"(max-width: 1024px) 100vw, 1024px\" \/><\/figure>\n\n\n\n<figure class=\"wp-block-image size-large fc-auto\"><img alt=\"\" decoding=\"async\" loading=\"lazy\" width=\"1024\" height=\"683\" src=\"https:\/\/www.camping-keranterec.com\/wp-content\/uploads\/2023\/10\/caravane.jpg\" alt=\"\" class=\"wp-image-1625\" srcset=\"https:\/\/www.camping-keranterec.com\/wp-content\/uploads\/2023\/10\/caravane.jpg 1024w, https:\/\/www.camping-keranterec.com\/wp-content\/uploads\/2023\/10\/caravane-300x200.jpg 300w, https:\/\/www.camping-keranterec.com\/wp-content\/uploads\/2023\/10\/caravane-768x512.jpg 768w\" sizes=\"(max-width: 1024px) 100vw, 1024px\" \/><\/figure>\n\n\n\n<figure class=\"wp-block-image size-large fc-auto\"><img alt=\"\" decoding=\"async\" loading=\"lazy\" width=\"850\" height=\"567\" src=\"https:\/\/www.camping-keranterec.com\/wp-content\/uploads\/2023\/10\/sanitaire.jpg\" alt=\"\" class=\"wp-image-2506\" srcset=\"https:\/\/www.camping-keranterec.com\/wp-content\/uploads\/2023\/10\/sanitaire.jpg 850w, https:\/\/www.camping-keranterec.com\/wp-content\/uploads\/2023\/10\/sanitaire-300x200.jpg 300w, https:\/\/www.camping-keranterec.com\/wp-content\/uploads\/2023\/10\/sanitaire-768x512.jpg 768w\" sizes=\"(max-width: 850px) 100vw, 850px\" \/><\/figure>\n<\/figure>\n\n\n\n<div class=\"wp-block-fc-gut-encart fc-information\">\n<p><a href=\"https:\/\/www.camping-keranterec.com\/es\/camping-bretagne-piscine-couverte\/\" data-type=\"page\" data-id=\"368\">Descubra la piscina <span class=\"fc-icon water-light\"><\/span><\/a><\/p>\n<\/div>\n<\/div>\n\n\n\n<div class=\"is-layout-flow wp-block-column is-vertically-aligned-center\">\n<h2>Un camping cerca de Fouesnant <span class=\"fc-span\">con 110 parcelas<\/span><\/h2>\n\n\n\n<p>Y para su comodidad, nuestras <strong>110 parcelas est\u00e1n equipadas con toma de agua y desag\u00fce<\/strong>, as\u00ed como electricidad de 10 amperios.<\/p>\n\n\n\n<div class=\"wp-block-fc-gut-lire-plus fc-mob\">\n<p>Seguir leyendo<\/p>\n\n\n\n<div class=\"is-layout-flow wp-block-group\">\n<p>Los <strong>autocaravanistas<\/strong> visitantes son bienvenidos en nuestro camping 4 estrellas a orillas del mar, <strong>cerca de Fouesnant<\/strong> y <strong>Concarneau<\/strong>, sea cual sea la duraci\u00f3n de su estancia. Ofrecemos a los propietarios de autocaravanas atractivos paquetes de alquiler de parcelas para sus vacaciones de camping, as\u00ed como un <strong>\u00e1rea de servicio<\/strong>.<\/p>\n\n\n\n<p>Cuando uno piensa en vacaciones de camping, \u00a1piensa en barbacoas! <strong>Las barbacoas tambi\u00e9n est\u00e1n permitidas en el<\/strong> camping. No dude en traer su propio equipo o consulte nuestro servicio de <strong>alquiler de barbacoas<\/strong>.<\/p>\n\n\n\n<div class=\"wp-block-fc-gut-lire-plus fc-desk\">\n<p>Seguir leyendo<\/p>\n\n\n\n<div class=\"is-layout-flow wp-block-group\">\n<h2 class=\"h4\">Acceda a todas las instalaciones y servicios del camping de K\u00e9rant\u00e9rec<\/h2>\n\n\n\n<p>Disponemos de dos bloques de aseos para que sus vacaciones sean lo m\u00e1s agradables posible. Nuestras instalaciones sanitarias, convenientemente situadas, incluyen cabinas dobles y ba\u00f1eras para beb\u00e9s. Tambi\u00e9n hay una <strong>lavander\u00eda<\/strong> con lavadoras y secadoras. Nuestras instalaciones sanitarias tambi\u00e9n son accesibles para personas con movilidad reducida y est\u00e1n adaptadas para los m\u00e1s peque\u00f1os&#8230; (ba\u00f1era para beb\u00e9s &#8211; cabina familiar).<\/p>\n\n\n\n<p>Aproveche todos los <a href=\"https:\/\/www.camping-keranterec.com\/es\/servicios\/\" data-type=\"page\" data-id=\"360\">servicios<\/a> e instalaciones del camping y acceda al<strong>\n  <a href=\"https:\/\/www.camping-keranterec.com\/es\/camping-bretagne-piscine-couverte\/\" data-type=\"page\" data-id=\"368\">espacio acu\u00e1tico<\/a>\n<\/strong> con su <strong>piscina cubierta climatizada<\/strong>.<\/p>\n<\/div>\n<\/div>\n<\/div>\n<\/div>\n\n\n\n<div class=\"is-layout-flex wp-container-18 wp-block-columns encart--columns deco--flore-plage fade-right rapide\">\n<div class=\"is-layout-flow wp-block-column\">\n<figure class=\"wp-block-image size-full fc-auto\"><img alt=\"\" decoding=\"async\" loading=\"lazy\" width=\"972\" height=\"647\" src=\"https:\/\/www.camping-keranterec.com\/wp-content\/uploads\/2023\/10\/pict_32_1-1.jpg\" alt=\"\" class=\"wp-image-1957\" srcset=\"https:\/\/www.camping-keranterec.com\/wp-content\/uploads\/2023\/10\/pict_32_1-1.jpg 972w, https:\/\/www.camping-keranterec.com\/wp-content\/uploads\/2023\/10\/pict_32_1-1-300x200.jpg 300w, https:\/\/www.camping-keranterec.com\/wp-content\/uploads\/2023\/10\/pict_32_1-1-768x511.jpg 768w\" sizes=\"(max-width: 972px) 100vw, 972px\" \/><\/figure>\n<\/div>\n\n\n\n<div class=\"is-layout-flow wp-block-column\">\n<p class=\"h4 has-bleu-color has-text-color\">Comodidad y ubicaci\u00f3n<\/p>\n\n\n\n<p>La ubicaci\u00f3n de <strong>confort<\/strong> plus es ideal y totalmente equipada.<\/p>\n\n\n\n<p>Nuestras parcelas confort plus disponen de una<strong> minicasa m\u00f3vil con electricidad<\/strong>. Dentro encontrar\u00e1s <strong>nevera<\/strong>, <strong>barbacoa<\/strong>, <strong>mesas <\/strong>y <strong>sillas<\/strong>.<\/p>\n<\/div>\n<\/div>\n<\/div>\n<\/div>\n\n<div class=\"is-layout-constrained wp-block-group K-20 deco--vague\">\n<div class=\"is-layout-flex wp-container-24 wp-block-columns\">\n<div class=\"is-layout-flow wp-block-column\">\n<p class=\"fade-right h2 has-bleu-color has-text-color\"><span class=\"fc-span\">Tambi\u00e9n<\/span> le gustar\u00e1&#8230;<\/p>\n<\/div>\n\n\n\n<div class=\"is-layout-flow wp-block-column is-vertically-aligned-bottom deco--plage\">\n<div class=\"is-layout-flex wp-block-buttons\">\n<div class=\"wp-block-button fc-style-3\"><a class=\"wp-block-button__link wp-element-button\" href=\"https:\/\/www.camping-keranterec.com\/es\/galeria-de-fotos\/\">Descubrir en im\u00e1genes<\/a><\/div>\n\n\n\n<div class=\"wp-block-button btn_resa\"><a class=\"wp-block-button__link wp-element-button\">Reserve ahora<\/a><\/div>\n<\/div>\n<\/div>\n<\/div>\n\n\n\n<div class=\"is-layout-flex wp-container-31 wp-block-columns maillage fc-diapo-mob\">\n<div class=\"is-layout-flow wp-block-column\">\n<div class=\"is-layout-constrained wp-block-group\">\n<figure class=\"wp-block-image size-full fc-auto\"><a href=\"https:\/\/www.camping-keranterec.com\/es\/equipo\/\"><img alt=\"\" decoding=\"async\" loading=\"lazy\" width=\"655\" height=\"455\" src=\"https:\/\/www.camping-keranterec.com\/wp-content\/uploads\/2022\/02\/crtb-ad3564_berthier-emmanuel-655x455-1.jpg\" alt=\"\" class=\"wp-image-1538\" srcset=\"https:\/\/www.camping-keranterec.com\/wp-content\/uploads\/2022\/02\/crtb-ad3564_berthier-emmanuel-655x455-1.jpg 655w, https:\/\/www.camping-keranterec.com\/wp-content\/uploads\/2022\/02\/crtb-ad3564_berthier-emmanuel-655x455-1-300x208.jpg 300w\" sizes=\"(max-width: 655px) 100vw, 655px\" \/><\/a><figcaption class=\"wp-element-caption\">Equipamiento<\/figcaption><\/figure>\n<\/div>\n<\/div>\n\n\n\n<div class=\"is-layout-flow wp-block-column\">\n<div class=\"is-layout-constrained wp-block-group\">\n<figure class=\"wp-block-image size-large fc-auto\"><a href=\"https:\/\/www.camping-keranterec.com\/es\/alrededores\/\"><img alt=\"\" decoding=\"async\" loading=\"lazy\" width=\"1024\" height=\"576\" src=\"https:\/\/www.camping-keranterec.com\/wp-content\/uploads\/2023\/10\/marin-tulard-xRTECtzU60A-unsplash-1024x576.jpg\" alt=\"\" class=\"wp-image-1278\" srcset=\"https:\/\/www.camping-keranterec.com\/wp-content\/uploads\/2023\/10\/marin-tulard-xRTECtzU60A-unsplash-1024x576.jpg 1024w, https:\/\/www.camping-keranterec.com\/wp-content\/uploads\/2023\/10\/marin-tulard-xRTECtzU60A-unsplash-300x169.jpg 300w, https:\/\/www.camping-keranterec.com\/wp-content\/uploads\/2023\/10\/marin-tulard-xRTECtzU60A-unsplash-768x432.jpg 768w, https:\/\/www.camping-keranterec.com\/wp-content\/uploads\/2023\/10\/marin-tulard-xRTECtzU60A-unsplash-1536x864.jpg 1536w, https:\/\/www.camping-keranterec.com\/wp-content\/uploads\/2023\/10\/marin-tulard-xRTECtzU60A-unsplash.jpg 1920w\" sizes=\"(max-width: 1024px) 100vw, 1024px\" \/><\/a><figcaption class=\"wp-element-caption\">En los alrededores<\/figcaption><\/figure>\n<\/div>\n<\/div>\n\n\n\n<div class=\"is-layout-flow wp-block-column\">\n<div class=\"is-layout-constrained wp-block-group\">\n<figure class=\"wp-block-image size-full fc-auto\"><a href=\"https:\/\/www.camping-keranterec.com\/es\/camping-bretagne-piscine-couverte\/\"><img alt=\"\" decoding=\"async\" loading=\"lazy\" width=\"1024\" height=\"684\" src=\"https:\/\/www.camping-keranterec.com\/wp-content\/uploads\/2023\/10\/camping-de-keranterec-5184-1024x684-1.jpg\" alt=\"\" class=\"wp-image-643\" srcset=\"https:\/\/www.camping-keranterec.com\/wp-content\/uploads\/2023\/10\/camping-de-keranterec-5184-1024x684-1.jpg 1024w, https:\/\/www.camping-keranterec.com\/wp-content\/uploads\/2023\/10\/camping-de-keranterec-5184-1024x684-1-300x200.jpg 300w, https:\/\/www.camping-keranterec.com\/wp-content\/uploads\/2023\/10\/camping-de-keranterec-5184-1024x684-1-768x513.jpg 768w\" sizes=\"(max-width: 1024px) 100vw, 1024px\" \/><\/a><figcaption class=\"wp-element-caption\">Zona acu\u00e1tica<\/figcaption><\/figure>\n<\/div>\n<\/div>\n<\/div>\n<\/div>\n","protected":false},"excerpt":{"rendered":"<p>Nuestras parcelas en La For\u00eat Fouesnant Vacaciones de camping en Finisterre El camping 4* K\u00e9rant\u00e9rec le da la bienvenida para sus vacaciones en parcela en el sur del Finisterre, \u00a1junto al mar! Situado entre Fouesnant y Concarneau, el camping goza de una ubicaci\u00f3n ideal para descubrir la regi\u00f3n disfrutando del mar. Un camping cerca de [&hellip;]<\/p>\n","protected":false},"author":1,"featured_media":0,"parent":0,"menu_order":0,"comment_status":"closed","ping_status":"closed","template":"","meta":{"_seopress_robots_primary_cat":"","_seopress_titles_title":"","_seopress_titles_desc":"","_seopress_robots_index":""},"acf":[],"_links":{"self":[{"href":"https:\/\/www.camping-keranterec.com\/es\/wp-json\/wp\/v2\/pages\/2703"}],"collection":[{"href":"https:\/\/www.camping-keranterec.com\/es\/wp-json\/wp\/v2\/pages"}],"about":[{"href":"https:\/\/www.camping-keranterec.com\/es\/wp-json\/wp\/v2\/types\/page"}],"author":[{"embeddable":true,"href":"https:\/\/www.camping-keranterec.com\/es\/wp-json\/wp\/v2\/users\/1"}],"replies":[{"embeddable":true,"href":"https:\/\/www.camping-keranterec.com\/es\/wp-json\/wp\/v2\/comments?post=2703"}],"version-history":[{"count":5,"href":"https:\/\/www.camping-keranterec.com\/es\/wp-json\/wp\/v2\/pages\/2703\/revisions"}],"predecessor-version":[{"id":4174,"href":"https:\/\/www.camping-keranterec.com\/es\/wp-json\/wp\/v2\/pages\/2703\/revisions\/4174"}],"wp:attachment":[{"href":"https:\/\/www.camping-keranterec.com\/es\/wp-json\/wp\/v2\/media?parent=2703"}],"curies":[{"name":"wp","href":"https:\/\/api.w.org\/{rel}","templated":true}]}}