{"id":2684,"date":"2023-11-21T17:23:16","date_gmt":"2023-11-21T16:23:16","guid":{"rendered":"https:\/\/www.camping-keranterec.com\/equipo\/"},"modified":"2023-12-07T14:30:25","modified_gmt":"2023-12-07T13:30:25","slug":"equipo","status":"publish","type":"page","link":"https:\/\/www.camping-keranterec.com\/es\/equipo\/","title":{"rendered":"Equipamiento"},"content":{"rendered":"\n<div class=\"is-layout-flow wp-block-group alignfull diaporama-header\">\n<figure class=\"is-layout-flex wp-block-gallery-1 wp-block-gallery has-nested-images columns-1 is-cropped fc-diapo fc-auto\">\n<figure class=\"wp-block-image size-full fc-auto\"><img alt=\"\" decoding=\"async\" loading=\"lazy\" width=\"1920\" height=\"1281\" src=\"https:\/\/www.camping-keranterec.com\/wp-content\/uploads\/2023\/10\/p1010750.jpg\" alt=\"\" class=\"wp-image-2425\" srcset=\"https:\/\/www.camping-keranterec.com\/wp-content\/uploads\/2023\/10\/p1010750.jpg 1920w, https:\/\/www.camping-keranterec.com\/wp-content\/uploads\/2023\/10\/p1010750-300x200.jpg 300w, https:\/\/www.camping-keranterec.com\/wp-content\/uploads\/2023\/10\/p1010750-1024x683.jpg 1024w, https:\/\/www.camping-keranterec.com\/wp-content\/uploads\/2023\/10\/p1010750-768x512.jpg 768w, https:\/\/www.camping-keranterec.com\/wp-content\/uploads\/2023\/10\/p1010750-1536x1025.jpg 1536w\" sizes=\"(max-width: 1920px) 100vw, 1920px\" \/><\/figure>\n\n\n\n<figure class=\"wp-block-image size-full fc-auto\"><img alt=\"\" decoding=\"async\" loading=\"lazy\" width=\"1920\" height=\"1282\" src=\"https:\/\/www.camping-keranterec.com\/wp-content\/uploads\/2023\/10\/camping-de-keranterec-5366.jpg\" alt=\"\" class=\"wp-image-2430\" srcset=\"https:\/\/www.camping-keranterec.com\/wp-content\/uploads\/2023\/10\/camping-de-keranterec-5366.jpg 1920w, https:\/\/www.camping-keranterec.com\/wp-content\/uploads\/2023\/10\/camping-de-keranterec-5366-300x200.jpg 300w, https:\/\/www.camping-keranterec.com\/wp-content\/uploads\/2023\/10\/camping-de-keranterec-5366-1024x684.jpg 1024w, https:\/\/www.camping-keranterec.com\/wp-content\/uploads\/2023\/10\/camping-de-keranterec-5366-768x513.jpg 768w, https:\/\/www.camping-keranterec.com\/wp-content\/uploads\/2023\/10\/camping-de-keranterec-5366-1536x1026.jpg 1536w\" sizes=\"(max-width: 1920px) 100vw, 1920px\" \/><\/figure>\n\n\n\n<figure class=\"wp-block-image size-full fc-auto\"><img alt=\"\" decoding=\"async\" loading=\"lazy\" width=\"1920\" height=\"1281\" src=\"https:\/\/www.camping-keranterec.com\/wp-content\/uploads\/2023\/10\/p1010757.jpg\" alt=\"\" class=\"wp-image-2434\" srcset=\"https:\/\/www.camping-keranterec.com\/wp-content\/uploads\/2023\/10\/p1010757.jpg 1920w, https:\/\/www.camping-keranterec.com\/wp-content\/uploads\/2023\/10\/p1010757-300x200.jpg 300w, https:\/\/www.camping-keranterec.com\/wp-content\/uploads\/2023\/10\/p1010757-1024x683.jpg 1024w, https:\/\/www.camping-keranterec.com\/wp-content\/uploads\/2023\/10\/p1010757-768x512.jpg 768w, https:\/\/www.camping-keranterec.com\/wp-content\/uploads\/2023\/10\/p1010757-1536x1025.jpg 1536w\" sizes=\"(max-width: 1920px) 100vw, 1920px\" \/><\/figure>\n<\/figure>\n\n\n\n<h1 class=\"has-text-align-center\">Disfrute de sus vacaciones en un camping <span class=\"fc-span\">cerca de Fouesnant con instalaciones<\/span><\/h1>\n<\/div>\n\n<div class=\"is-layout-constrained wp-block-group\">\n<h2 class=\"has-text-align-center h3 has-bleu-color has-text-color\">Descubra las instalaciones <span class=\"fc-span\">del camping<\/span><\/h2>\n\n\n\n<p>Nuestro <a href=\"https:\/\/www.camping-keranterec.com\/es\/alentours\/la-foret-fouesnant\/\" data-type=\"alentours\" data-id=\"838\">camping de La For\u00eat-Fouesnant<\/a>, entre <strong>Fouesnant<\/strong> y <strong>Concarneau<\/strong>, le ofrece numerosas instalaciones. Coja sus raquetas y aproveche la <strong>pista de tenis<\/strong> o disfrute de una partida de <strong>ping-pong<\/strong> o <strong>petanca<\/strong> en nuestras pistas espec\u00edficas. Adem\u00e1s, tendr\u00e1s tiempo de sobra para jugar al <strong>futbol\u00edn<\/strong> o <strong>al billar<\/strong>, mientras los m\u00e1s peque\u00f1os se desahogan y divierten en la<strong>zona de juegos hinchables<\/strong>. Algo que har\u00e1 las delicias de grandes y peque\u00f1os durante sus<strong> vacaciones en el sur del Finisterre<\/strong>.<\/p>\n\n\n\r\n    <section class=\"fc-bloc activites\">\r\n\r\n        \r\n        \r\n            <ul class=\"activites__filtres\">\r\n                <li>\r\n                    <input type=\"radio\" id=\"toutes\" name=\"activites\" checked>\r\n                    <label for=\"toutes\">Todos<\/label>\r\n                <\/li>\r\n\r\n                <li>\r\n                    <input type=\"radio\" id=\"payant\" name=\"activites\">\r\n                    <label for=\"payant\">Pagar<\/label>\r\n                <\/li>\r\n\r\n                <li>\r\n                    <input type=\"radio\" id=\"bassesaison\" name=\"activites\">\r\n                    <label for=\"bassesaison\">Temporada baja<\/label>\r\n                <\/li>\r\n            <\/ul>\r\n\r\n        \r\n        <div class=\"activites__cards\">\r\n            \r\n                    <div class=\"activites__cards__item payant\">\r\n                        <figure class=\"wp-block-image\"><img width=\"732\" height=\"1025\" src=\"https:\/\/www.camping-keranterec.com\/wp-content\/uploads\/2023\/10\/camping-de-keranterec-5350-1024x684-4.jpg\" class=\"attachment-full size-full\" alt=\"\" decoding=\"async\" loading=\"lazy\" srcset=\"https:\/\/www.camping-keranterec.com\/wp-content\/uploads\/2023\/10\/camping-de-keranterec-5350-1024x684-4.jpg 732w, https:\/\/www.camping-keranterec.com\/wp-content\/uploads\/2023\/10\/camping-de-keranterec-5350-1024x684-4-214x300.jpg 214w\" sizes=\"(max-width: 732px) 100vw, 732px\" \/><\/figure>\r\n                        <p>Futbol\u00edn<\/p>\r\n                                                    <ul class=\"activites__cards__item__tags\">\r\n                                                                <li>\r\n                                    <span class=\"fc-icon -light\"><\/span>Cargo: 0,50 euros                                <\/li>\r\n                                                            <\/ul>\r\n                                            <\/div>\r\n\r\n                \r\n                    <div class=\"activites__cards__item bassesaison\">\r\n                        <figure class=\"wp-block-image\"><img width=\"1024\" height=\"768\" src=\"https:\/\/www.camping-keranterec.com\/wp-content\/uploads\/2023\/11\/IMG_8368.jpg\" class=\"attachment-full size-full\" alt=\"\" decoding=\"async\" loading=\"lazy\" srcset=\"https:\/\/www.camping-keranterec.com\/wp-content\/uploads\/2023\/11\/IMG_8368.jpg 1024w, https:\/\/www.camping-keranterec.com\/wp-content\/uploads\/2023\/11\/IMG_8368-300x225.jpg 300w, https:\/\/www.camping-keranterec.com\/wp-content\/uploads\/2023\/11\/IMG_8368-768x576.jpg 768w\" sizes=\"(max-width: 1024px) 100vw, 1024px\" \/><\/figure>\r\n                        <p>Zona de juegos dura<\/p>\r\n                                            <\/div>\r\n\r\n                \r\n                    <div class=\"activites__cards__item bassesaison\">\r\n                        <figure class=\"wp-block-image\"><img width=\"732\" height=\"1025\" src=\"https:\/\/www.camping-keranterec.com\/wp-content\/uploads\/2023\/10\/camping-de-keranterec-5350-1024x684-3.jpg\" class=\"attachment-full size-full\" alt=\"Jeux gonflables au camping en bretagne\" decoding=\"async\" loading=\"lazy\" srcset=\"https:\/\/www.camping-keranterec.com\/wp-content\/uploads\/2023\/10\/camping-de-keranterec-5350-1024x684-3.jpg 732w, https:\/\/www.camping-keranterec.com\/wp-content\/uploads\/2023\/10\/camping-de-keranterec-5350-1024x684-3-214x300.jpg 214w\" sizes=\"(max-width: 732px) 100vw, 732px\" \/><\/figure>\r\n                        <p>Zona de juegos hinchable<\/p>\r\n                                            <\/div>\r\n\r\n                \r\n                    <div class=\"activites__cards__item bassesaison\">\r\n                        <figure class=\"wp-block-image\"><img width=\"640\" height=\"427\" src=\"https:\/\/www.camping-keranterec.com\/wp-content\/uploads\/2023\/10\/michal-parzuchowski-LQsJUtKmPlg-unsplash-3.jpg\" class=\"attachment-full size-full\" alt=\"animation p\u00e9tanque camping bretagne\" decoding=\"async\" loading=\"lazy\" srcset=\"https:\/\/www.camping-keranterec.com\/wp-content\/uploads\/2023\/10\/michal-parzuchowski-LQsJUtKmPlg-unsplash-3.jpg 640w, https:\/\/www.camping-keranterec.com\/wp-content\/uploads\/2023\/10\/michal-parzuchowski-LQsJUtKmPlg-unsplash-3-300x200.jpg 300w\" sizes=\"(max-width: 640px) 100vw, 640px\" \/><\/figure>\r\n                        <p>Campo de petanca<\/p>\r\n                                            <\/div>\r\n\r\n                \r\n                    <div class=\"activites__cards__item payant\">\r\n                        <figure class=\"wp-block-image\"><img width=\"732\" height=\"1025\" src=\"https:\/\/www.camping-keranterec.com\/wp-content\/uploads\/2023\/10\/brehat-32-3-1-1.jpg\" class=\"attachment-full size-full\" alt=\"\" decoding=\"async\" loading=\"lazy\" srcset=\"https:\/\/www.camping-keranterec.com\/wp-content\/uploads\/2023\/10\/brehat-32-3-1-1.jpg 732w, https:\/\/www.camping-keranterec.com\/wp-content\/uploads\/2023\/10\/brehat-32-3-1-1-214x300.jpg 214w\" sizes=\"(max-width: 732px) 100vw, 732px\" \/><\/figure>\r\n                        <p>Sala de billar<\/p>\r\n                                                    <ul class=\"activites__cards__item__tags\">\r\n                                                                <li>\r\n                                    <span class=\"fc-icon -light\"><\/span>Cargo: 2,00                                <\/li>\r\n                                                            <\/ul>\r\n                                            <\/div>\r\n\r\n                \r\n                    <div class=\"activites__cards__item bassesaison\">\r\n                        <figure class=\"wp-block-image\"><img width=\"640\" height=\"427\" src=\"https:\/\/www.camping-keranterec.com\/wp-content\/uploads\/2023\/10\/lennart-schneider-2Ov5_5WKaKM-unsplash-1.jpg\" class=\"attachment-full size-full\" alt=\"tournois ping pong camping bretagne\" decoding=\"async\" loading=\"lazy\" srcset=\"https:\/\/www.camping-keranterec.com\/wp-content\/uploads\/2023\/10\/lennart-schneider-2Ov5_5WKaKM-unsplash-1.jpg 640w, https:\/\/www.camping-keranterec.com\/wp-content\/uploads\/2023\/10\/lennart-schneider-2Ov5_5WKaKM-unsplash-1-300x200.jpg 300w\" sizes=\"(max-width: 640px) 100vw, 640px\" \/><\/figure>\r\n                        <p>Sala de ping-pong<\/p>\r\n                                            <\/div>\r\n\r\n                \r\n                    <div class=\"activites__cards__item bassesaison\">\r\n                        <figure class=\"wp-block-image\"><img width=\"732\" height=\"1025\" src=\"https:\/\/www.camping-keranterec.com\/wp-content\/uploads\/2023\/10\/9eb87419-0374-4313-89be-4265f59a0c80-1-1024x768-2.jpg\" class=\"attachment-full size-full\" alt=\"tournois de sport en camping en bretagne\" decoding=\"async\" loading=\"lazy\" srcset=\"https:\/\/www.camping-keranterec.com\/wp-content\/uploads\/2023\/10\/9eb87419-0374-4313-89be-4265f59a0c80-1-1024x768-2.jpg 732w, https:\/\/www.camping-keranterec.com\/wp-content\/uploads\/2023\/10\/9eb87419-0374-4313-89be-4265f59a0c80-1-1024x768-2-214x300.jpg 214w\" sizes=\"(max-width: 732px) 100vw, 732px\" \/><\/figure>\r\n                        <p>Pista de tenis<\/p>\r\n                                            <\/div>\r\n\r\n                \r\n                    <div class=\"activites__cards__item \">\r\n                        <figure class=\"wp-block-image\"><img width=\"1024\" height=\"684\" src=\"https:\/\/www.camping-keranterec.com\/wp-content\/uploads\/2023\/10\/camping-de-keranterec-4674-1-1024x684-1.jpg\" class=\"attachment-full size-full\" alt=\"\" decoding=\"async\" loading=\"lazy\" srcset=\"https:\/\/www.camping-keranterec.com\/wp-content\/uploads\/2023\/10\/camping-de-keranterec-4674-1-1024x684-1.jpg 1024w, https:\/\/www.camping-keranterec.com\/wp-content\/uploads\/2023\/10\/camping-de-keranterec-4674-1-1024x684-1-300x200.jpg 300w, https:\/\/www.camping-keranterec.com\/wp-content\/uploads\/2023\/10\/camping-de-keranterec-4674-1-1024x684-1-768x513.jpg 768w\" sizes=\"(max-width: 1024px) 100vw, 1024px\" \/><\/figure>\r\n                        <p>Juegos acu\u00e1ticos<\/p>\r\n                                            <\/div>\r\n\r\n                        <\/div>\r\n\r\n    <\/section>\r\n\r\n<\/div>\n\n<div class=\"is-layout-constrained wp-block-group K-20 deco--vague\">\n<div class=\"is-layout-flex wp-container-8 wp-block-columns\">\n<div class=\"is-layout-flow wp-block-column\">\n<h2 class=\"fade-right has-dore-color has-text-color\"><span class=\"fc-span\">Tambi\u00e9n<\/span> le gustar\u00e1&#8230;<\/h2>\n<\/div>\n\n\n\n<div class=\"is-layout-flow wp-block-column is-vertically-aligned-bottom fade-left deco--bloc-vague\">\n<div class=\"is-layout-flex wp-block-buttons\">\n<div class=\"wp-block-button fc-style-3\"><a class=\"wp-block-button__link wp-element-button\" href=\"https:\/\/www.camping-keranterec.com\/es\/galeria-de-fotos\/\">Galer\u00eda de fotos<\/a><\/div>\n\n\n\n<div class=\"wp-block-button btn_resa\"><a class=\"wp-block-button__link wp-element-button\"><span class=\"fc-icon magnifying-glass-light\"><\/span>  Reserve su estancia<\/a><\/div>\n<\/div>\n<\/div>\n<\/div>\n\n\n\n<div class=\"is-layout-flex wp-container-15 wp-block-columns maillage fc-diapo-mob\">\n<div class=\"is-layout-flow wp-block-column\">\n<div class=\"is-layout-constrained wp-block-group\">\n<figure class=\"wp-block-image size-full fc-auto\"><a href=\"https:\/\/www.camping-keranterec.com\/es\/servicios\/\"><img alt=\"\" decoding=\"async\" loading=\"lazy\" width=\"1024\" height=\"999\" src=\"https:\/\/www.camping-keranterec.com\/wp-content\/uploads\/2023\/09\/img_7264-1-1024x628-2.jpg\" alt=\"\" class=\"wp-image-185\" srcset=\"https:\/\/www.camping-keranterec.com\/wp-content\/uploads\/2023\/09\/img_7264-1-1024x628-2.jpg 1024w, https:\/\/www.camping-keranterec.com\/wp-content\/uploads\/2023\/09\/img_7264-1-1024x628-2-300x293.jpg 300w, https:\/\/www.camping-keranterec.com\/wp-content\/uploads\/2023\/09\/img_7264-1-1024x628-2-768x749.jpg 768w\" sizes=\"(max-width: 1024px) 100vw, 1024px\" \/><\/a><figcaption class=\"wp-element-caption\">Servicios<\/figcaption><\/figure>\n<\/div>\n<\/div>\n\n\n\n<div class=\"is-layout-flow wp-block-column\">\n<div class=\"is-layout-constrained wp-block-group\">\n<figure class=\"wp-block-image size-full fc-auto\"><a href=\"https:\/\/www.camping-keranterec.com\/es\/camping-bretagne-piscine-couverte\/\"><img alt=\"\" decoding=\"async\" loading=\"lazy\" width=\"1024\" height=\"684\" src=\"https:\/\/www.camping-keranterec.com\/wp-content\/uploads\/2023\/10\/camping-de-keranterec-5249-1024x684-1.jpg\" alt=\"\" class=\"wp-image-705\" srcset=\"https:\/\/www.camping-keranterec.com\/wp-content\/uploads\/2023\/10\/camping-de-keranterec-5249-1024x684-1.jpg 1024w, https:\/\/www.camping-keranterec.com\/wp-content\/uploads\/2023\/10\/camping-de-keranterec-5249-1024x684-1-300x200.jpg 300w, https:\/\/www.camping-keranterec.com\/wp-content\/uploads\/2023\/10\/camping-de-keranterec-5249-1024x684-1-768x513.jpg 768w\" sizes=\"(max-width: 1024px) 100vw, 1024px\" \/><\/a><figcaption class=\"wp-element-caption\">Zona acu\u00e1tica<\/figcaption><\/figure>\n<\/div>\n<\/div>\n\n\n\n<div class=\"is-layout-flow wp-block-column\">\n<div class=\"is-layout-constrained wp-block-group\">\n<figure class=\"wp-block-image size-full fc-auto\"><a href=\"https:\/\/www.camping-keranterec.com\/es\/alrededores\/\"><img alt=\"\" decoding=\"async\" loading=\"lazy\" width=\"640\" height=\"853\" src=\"https:\/\/www.camping-keranterec.com\/wp-content\/uploads\/2023\/10\/kenny-krosky-2xjk8WWLFC4-unsplash.jpg\" alt=\"\" class=\"wp-image-968\" srcset=\"https:\/\/www.camping-keranterec.com\/wp-content\/uploads\/2023\/10\/kenny-krosky-2xjk8WWLFC4-unsplash.jpg 640w, https:\/\/www.camping-keranterec.com\/wp-content\/uploads\/2023\/10\/kenny-krosky-2xjk8WWLFC4-unsplash-225x300.jpg 225w\" sizes=\"(max-width: 640px) 100vw, 640px\" \/><\/a><figcaption class=\"wp-element-caption\">En los alrededores<\/figcaption><\/figure>\n<\/div>\n<\/div>\n<\/div>\n<\/div>\n","protected":false},"excerpt":{"rendered":"<p>Disfrute de sus vacaciones en un camping cerca de Fouesnant con instalaciones Descubra las instalaciones del camping Nuestro camping de La For\u00eat-Fouesnant, entre Fouesnant y Concarneau, le ofrece numerosas instalaciones. Coja sus raquetas y aproveche la pista de tenis o disfrute de una partida de ping-pong o petanca en nuestras pistas espec\u00edficas. Adem\u00e1s, tendr\u00e1s tiempo [&hellip;]<\/p>\n","protected":false},"author":1,"featured_media":0,"parent":0,"menu_order":0,"comment_status":"closed","ping_status":"closed","template":"","meta":{"_seopress_robots_primary_cat":"","_seopress_titles_title":"","_seopress_titles_desc":"","_seopress_robots_index":""},"acf":[],"_links":{"self":[{"href":"https:\/\/www.camping-keranterec.com\/es\/wp-json\/wp\/v2\/pages\/2684"}],"collection":[{"href":"https:\/\/www.camping-keranterec.com\/es\/wp-json\/wp\/v2\/pages"}],"about":[{"href":"https:\/\/www.camping-keranterec.com\/es\/wp-json\/wp\/v2\/types\/page"}],"author":[{"embeddable":true,"href":"https:\/\/www.camping-keranterec.com\/es\/wp-json\/wp\/v2\/users\/1"}],"replies":[{"embeddable":true,"href":"https:\/\/www.camping-keranterec.com\/es\/wp-json\/wp\/v2\/comments?post=2684"}],"version-history":[{"count":4,"href":"https:\/\/www.camping-keranterec.com\/es\/wp-json\/wp\/v2\/pages\/2684\/revisions"}],"predecessor-version":[{"id":4165,"href":"https:\/\/www.camping-keranterec.com\/es\/wp-json\/wp\/v2\/pages\/2684\/revisions\/4165"}],"wp:attachment":[{"href":"https:\/\/www.camping-keranterec.com\/es\/wp-json\/wp\/v2\/media?parent=2684"}],"curies":[{"name":"wp","href":"https:\/\/api.w.org\/{rel}","templated":true}]}}