{"id":2772,"date":"2023-11-21T17:23:46","date_gmt":"2023-11-21T16:23:46","guid":{"rendered":"https:\/\/www.camping-keranterec.com\/vermietung-raum\/"},"modified":"2023-12-07T14:36:50","modified_gmt":"2023-12-07T13:36:50","slug":"vermietung-raum","status":"publish","type":"page","link":"https:\/\/www.camping-keranterec.com\/de\/vermietung-raum\/","title":{"rendered":"Raum mieten"},"content":{"rendered":"\n<div class=\"is-layout-flow wp-block-group alignfull diaporama-header\">\n<figure class=\"is-layout-flex wp-block-gallery-1 wp-block-gallery has-nested-images columns-1 is-cropped fc-diapo fc-auto\">\n<figure class=\"wp-block-image size-full fc-auto\"><img alt=\"\" decoding=\"async\" loading=\"lazy\" width=\"1920\" height=\"1440\" src=\"https:\/\/www.camping-keranterec.com\/wp-content\/uploads\/2023\/10\/img_1311.jpg\" alt=\"\" class=\"wp-image-1425\" srcset=\"https:\/\/www.camping-keranterec.com\/wp-content\/uploads\/2023\/10\/img_1311.jpg 1920w, https:\/\/www.camping-keranterec.com\/wp-content\/uploads\/2023\/10\/img_1311-300x225.jpg 300w, https:\/\/www.camping-keranterec.com\/wp-content\/uploads\/2023\/10\/img_1311-1024x768.jpg 1024w, https:\/\/www.camping-keranterec.com\/wp-content\/uploads\/2023\/10\/img_1311-768x576.jpg 768w, https:\/\/www.camping-keranterec.com\/wp-content\/uploads\/2023\/10\/img_1311-1536x1152.jpg 1536w\" sizes=\"(max-width: 1920px) 100vw, 1920px\" \/><\/figure>\n\n\n\n<figure class=\"wp-block-image size-full fc-auto\"><img alt=\"\" decoding=\"async\" loading=\"lazy\" width=\"1920\" height=\"1440\" src=\"https:\/\/www.camping-keranterec.com\/wp-content\/uploads\/2023\/10\/img_6103.jpg\" alt=\"\" class=\"wp-image-1453\" srcset=\"https:\/\/www.camping-keranterec.com\/wp-content\/uploads\/2023\/10\/img_6103.jpg 1920w, https:\/\/www.camping-keranterec.com\/wp-content\/uploads\/2023\/10\/img_6103-300x225.jpg 300w, https:\/\/www.camping-keranterec.com\/wp-content\/uploads\/2023\/10\/img_6103-1024x768.jpg 1024w, https:\/\/www.camping-keranterec.com\/wp-content\/uploads\/2023\/10\/img_6103-768x576.jpg 768w, https:\/\/www.camping-keranterec.com\/wp-content\/uploads\/2023\/10\/img_6103-1536x1152.jpg 1536w\" sizes=\"(max-width: 1920px) 100vw, 1920px\" \/><\/figure>\n\n\n\n<figure class=\"wp-block-image size-full fc-auto\"><img alt=\"\" decoding=\"async\" loading=\"lazy\" width=\"1920\" height=\"1440\" src=\"https:\/\/www.camping-keranterec.com\/wp-content\/uploads\/2023\/10\/img_6204.jpg\" alt=\"\" class=\"wp-image-1457\" srcset=\"https:\/\/www.camping-keranterec.com\/wp-content\/uploads\/2023\/10\/img_6204.jpg 1920w, https:\/\/www.camping-keranterec.com\/wp-content\/uploads\/2023\/10\/img_6204-300x225.jpg 300w, https:\/\/www.camping-keranterec.com\/wp-content\/uploads\/2023\/10\/img_6204-1024x768.jpg 1024w, https:\/\/www.camping-keranterec.com\/wp-content\/uploads\/2023\/10\/img_6204-768x576.jpg 768w, https:\/\/www.camping-keranterec.com\/wp-content\/uploads\/2023\/10\/img_6204-1536x1152.jpg 1536w\" sizes=\"(max-width: 1920px) 100vw, 1920px\" \/><\/figure>\n<\/figure>\n\n\n\n<h1 class=\"has-text-align-center\">Raumvermietung in der <span class=\"fc-span\">N\u00e4he von Concarneau<\/span><\/h1>\n<\/div>\n\n<div class=\"is-layout-flex wp-container-9 wp-block-columns K-40\">\n<div class=\"is-layout-flow wp-block-column deco--bloc-vague K-40-col\">\n<figure class=\"is-layout-flex wp-block-gallery-4 wp-block-gallery has-nested-images columns-default is-cropped fc-full\">\n<figure class=\"wp-block-image size-large fc-auto\"><img alt=\"\" decoding=\"async\" loading=\"lazy\" width=\"768\" height=\"1024\" src=\"https:\/\/www.camping-keranterec.com\/wp-content\/uploads\/2023\/11\/IMG_8399-768x1024.jpg\" alt=\"\" class=\"wp-image-2556\" srcset=\"https:\/\/www.camping-keranterec.com\/wp-content\/uploads\/2023\/11\/IMG_8399-768x1024.jpg 768w, https:\/\/www.camping-keranterec.com\/wp-content\/uploads\/2023\/11\/IMG_8399-225x300.jpg 225w, https:\/\/www.camping-keranterec.com\/wp-content\/uploads\/2023\/11\/IMG_8399.jpg 1024w\" sizes=\"(max-width: 768px) 100vw, 768px\" \/><\/figure>\n\n\n\n<figure class=\"wp-block-image size-large fc-auto\"><img alt=\"\" decoding=\"async\" loading=\"lazy\" width=\"768\" height=\"1024\" src=\"https:\/\/www.camping-keranterec.com\/wp-content\/uploads\/2023\/11\/IMG_8435-768x1024.jpg\" alt=\"\" class=\"wp-image-2568\" srcset=\"https:\/\/www.camping-keranterec.com\/wp-content\/uploads\/2023\/11\/IMG_8435-768x1024.jpg 768w, https:\/\/www.camping-keranterec.com\/wp-content\/uploads\/2023\/11\/IMG_8435-225x300.jpg 225w, https:\/\/www.camping-keranterec.com\/wp-content\/uploads\/2023\/11\/IMG_8435.jpg 1024w\" sizes=\"(max-width: 768px) 100vw, 768px\" \/><\/figure>\n<\/figure>\n\n\n\n<div class=\"is-layout-flex wp-block-buttons\">\n<div class=\"wp-block-button fc-style-3\"><a class=\"wp-block-button__link wp-element-button\" href=\"https:\/\/www.camping-keranterec.com\/de\/fotogalerie\/\">Siehe die Fotogalerie<\/a><\/div>\n<\/div>\n<\/div>\n\n\n\n<div class=\"is-layout-flow wp-block-column K-40-col2\" style=\"flex-basis:28%\">\n<p class=\"h2\">Vermietung von R\u00e4umen <span class=\"fc-span\">f\u00fcr Ihre Veranstaltungen<\/span><\/p>\n\n\n\n<p>Sind Sie auf der Suche nach einem Raum f\u00fcr die<strong>Organisation einer privaten oder gesch\u00e4ftlichen Veranstaltung<\/strong>? Der Campingplatz K\u00e9rant\u00e9rec in der N\u00e4he von <a href=\"https:\/\/www.camping-keranterec.com\/de\/alentours\/concarneau\/\" data-type=\"alentours\" data-id=\"835\">Concarneau<\/a> bietet Ihnen einen Saal f\u00fcr Ihre Feierlichkeiten, der bis zu <strong>80 Personen<\/strong> aufnehmen kann! Dieser dank seines Glasdachs lichtdurchflutete Festsaal bietet eine gr\u00fcne Umgebung in La For\u00eat Fouesnant, nur wenige Kilometer von Concarneau entfernt. Sie wird sich als ideal f\u00fcr alle Ihre Veranstaltungen erweisen.<\/p>\n\n\n\n<div class=\"wp-block-fc-gut-encart fc-alerte\">\n<p>Eine <strong>Hochzeit<\/strong>, ein <strong>Geburtstag<\/strong>, ein <strong>Familientreffen<\/strong>, ein Treffpunkt f\u00fcr Wanderer oder ein<strong>Vereinsmitglied<\/strong>&#8211; der<strong>Veranstaltungsraum<\/strong> passt sich an verschiedene Arten von Veranstaltungen an &#8230;<\/p>\n<\/div>\n<\/div>\n<\/div>\n\n<div class=\"is-layout-flex wp-container-14 wp-block-columns alignfull are-vertically-aligned-center K-25 has-bleu-clair-background-color has-background\">\n<div class=\"is-layout-flow wp-block-column is-vertically-aligned-center\">\n<h2 class=\"etc fade-right\">Die Ausstattung <span class=\"fc-span\">des Empfangsraums<\/span><\/h2>\n\n\n\n<p>Versammeln Sie sich in einem <strong>festlichen und charmanten Saal mit Glasdach <\/strong>und einigen seiner<strong>  sichtbare Steinmauern. Ausgestattet mit Tischen und St\u00fchlen<\/strong>Die G\u00e4ste finden auch einen Tanzsaal mit Lichteffekten. Vor Ort stellen wir Ihnen zur Verf\u00fcgung:<\/p>\n\n\n\n<ul class=\"pictos has-dore-color has-text-color\">\n<li><span class=\"fc-icon kitchen-set-light\"><\/span>  eine mit K\u00fchlschrank ausgestattete K\u00fcche<\/li>\n\n\n\n<li><span class=\"fc-icon oven-light\"><\/span>  Miniback\u00f6fen<\/li>\n\n\n\n<li><span class=\"fc-icon microwave-light\"><\/span>  Mikrowelle<\/li>\n\n\n\n<li><span class=\"fc-icon dryer-light\"><\/span>  Geschirrsp\u00fcler<\/li>\n\n\n\n<li><span class=\"fc-icon icicles-light\"><\/span>  Eisw\u00fcrfelmaschine<\/li>\n\n\n\n<li><span class=\"fc-icon projector-light\"><\/span>  Overhead-Projektor!<\/li>\n<\/ul>\n\n\n\n<p>Zus\u00e4tzlich wird ein <strong>von uns aufgebautes<\/strong> Barnum vermietet!<\/p>\n<\/div>\n\n\n\n<div class=\"is-layout-flow wp-block-column is-vertically-aligned-center K-25-col\">\n<figure class=\"is-layout-flex wp-block-gallery-11 wp-block-gallery has-nested-images columns-2 is-cropped  fade-left fc-diapo fc-auto\">\n<figure class=\"wp-block-image size-large fc-auto\"><img alt=\"\" decoding=\"async\" loading=\"lazy\" width=\"1024\" height=\"768\" src=\"https:\/\/www.camping-keranterec.com\/wp-content\/uploads\/2023\/11\/IMG_8421.jpg\" alt=\"\" class=\"wp-image-2560\" srcset=\"https:\/\/www.camping-keranterec.com\/wp-content\/uploads\/2023\/11\/IMG_8421.jpg 1024w, https:\/\/www.camping-keranterec.com\/wp-content\/uploads\/2023\/11\/IMG_8421-300x225.jpg 300w, https:\/\/www.camping-keranterec.com\/wp-content\/uploads\/2023\/11\/IMG_8421-768x576.jpg 768w\" sizes=\"(max-width: 1024px) 100vw, 1024px\" \/><\/figure>\n\n\n\n<figure class=\"wp-block-image size-large fc-auto\"><img alt=\"\" decoding=\"async\" loading=\"lazy\" width=\"1024\" height=\"768\" src=\"https:\/\/www.camping-keranterec.com\/wp-content\/uploads\/2023\/11\/IMG_8420.jpg\" alt=\"\" class=\"wp-image-2564\" srcset=\"https:\/\/www.camping-keranterec.com\/wp-content\/uploads\/2023\/11\/IMG_8420.jpg 1024w, https:\/\/www.camping-keranterec.com\/wp-content\/uploads\/2023\/11\/IMG_8420-300x225.jpg 300w, https:\/\/www.camping-keranterec.com\/wp-content\/uploads\/2023\/11\/IMG_8420-768x576.jpg 768w\" sizes=\"(max-width: 1024px) 100vw, 1024px\" \/><\/figure>\n\n\n\n<figure class=\"wp-block-image size-large fc-auto\"><img alt=\"\" decoding=\"async\" loading=\"lazy\" width=\"1024\" height=\"768\" src=\"https:\/\/www.camping-keranterec.com\/wp-content\/uploads\/2023\/11\/IMG_8433.jpg\" alt=\"\" class=\"wp-image-2575\" srcset=\"https:\/\/www.camping-keranterec.com\/wp-content\/uploads\/2023\/11\/IMG_8433.jpg 1024w, https:\/\/www.camping-keranterec.com\/wp-content\/uploads\/2023\/11\/IMG_8433-300x225.jpg 300w, https:\/\/www.camping-keranterec.com\/wp-content\/uploads\/2023\/11\/IMG_8433-768x576.jpg 768w\" sizes=\"(max-width: 1024px) 100vw, 1024px\" \/><\/figure>\n\n\n\n<figure class=\"wp-block-image size-large fc-auto\"><img alt=\"\" decoding=\"async\" loading=\"lazy\" width=\"768\" height=\"1024\" src=\"https:\/\/www.camping-keranterec.com\/wp-content\/uploads\/2023\/11\/IMG_8404-768x1024.jpg\" alt=\"\" class=\"wp-image-2583\" srcset=\"https:\/\/www.camping-keranterec.com\/wp-content\/uploads\/2023\/11\/IMG_8404-768x1024.jpg 768w, https:\/\/www.camping-keranterec.com\/wp-content\/uploads\/2023\/11\/IMG_8404-225x300.jpg 225w, https:\/\/www.camping-keranterec.com\/wp-content\/uploads\/2023\/11\/IMG_8404.jpg 1024w\" sizes=\"(max-width: 768px) 100vw, 768px\" \/><\/figure>\n\n\n\n<figure class=\"wp-block-image size-large fc-auto\"><img alt=\"\" decoding=\"async\" loading=\"lazy\" width=\"768\" height=\"1024\" src=\"https:\/\/www.camping-keranterec.com\/wp-content\/uploads\/2023\/11\/IMG_8407-768x1024.jpg\" alt=\"\" class=\"wp-image-2579\" srcset=\"https:\/\/www.camping-keranterec.com\/wp-content\/uploads\/2023\/11\/IMG_8407-768x1024.jpg 768w, https:\/\/www.camping-keranterec.com\/wp-content\/uploads\/2023\/11\/IMG_8407-225x300.jpg 225w, https:\/\/www.camping-keranterec.com\/wp-content\/uploads\/2023\/11\/IMG_8407.jpg 1024w\" sizes=\"(max-width: 768px) 100vw, 768px\" \/><\/figure>\n\n\n\n<figure class=\"wp-block-image size-large fc-auto\"><img alt=\"\" decoding=\"async\" loading=\"lazy\" width=\"768\" height=\"1024\" src=\"https:\/\/www.camping-keranterec.com\/wp-content\/uploads\/2023\/10\/img_6099-768x1024.jpg\" alt=\"\" class=\"wp-image-1449\" srcset=\"https:\/\/www.camping-keranterec.com\/wp-content\/uploads\/2023\/10\/img_6099-768x1024.jpg 768w, https:\/\/www.camping-keranterec.com\/wp-content\/uploads\/2023\/10\/img_6099-225x300.jpg 225w, https:\/\/www.camping-keranterec.com\/wp-content\/uploads\/2023\/10\/img_6099-1152x1536.jpg 1152w, https:\/\/www.camping-keranterec.com\/wp-content\/uploads\/2023\/10\/img_6099.jpg 1440w\" sizes=\"(max-width: 768px) 100vw, 768px\" \/><\/figure>\n<\/figure>\n<\/div>\n<\/div>\n\n<div class=\"is-layout-flex wp-container-20 wp-block-columns are-vertically-aligned-center K-15 reverse-mob\">\n<div class=\"is-layout-flow wp-block-column is-vertically-aligned-center\">\n<figure class=\"is-layout-flex wp-block-gallery-15 wp-block-gallery has-nested-images columns-default is-cropped  fade-right fc-auto\">\n<figure class=\"wp-block-image size-large fc-auto\"><img alt=\"\" decoding=\"async\" loading=\"lazy\" width=\"1024\" height=\"768\" src=\"https:\/\/www.camping-keranterec.com\/wp-content\/uploads\/2023\/10\/mariage-11-1024x768.jpg\" alt=\"\" class=\"wp-image-1485\" srcset=\"https:\/\/www.camping-keranterec.com\/wp-content\/uploads\/2023\/10\/mariage-11-1024x768.jpg 1024w, https:\/\/www.camping-keranterec.com\/wp-content\/uploads\/2023\/10\/mariage-11-300x225.jpg 300w, https:\/\/www.camping-keranterec.com\/wp-content\/uploads\/2023\/10\/mariage-11-768x576.jpg 768w, https:\/\/www.camping-keranterec.com\/wp-content\/uploads\/2023\/10\/mariage-11.jpg 1120w\" sizes=\"(max-width: 1024px) 100vw, 1024px\" \/><\/figure>\n\n\n\n<figure class=\"wp-block-image size-full fancybox fc-auto\"><img alt=\"\" decoding=\"async\" loading=\"lazy\" width=\"1024\" height=\"768\" src=\"https:\/\/www.camping-keranterec.com\/wp-content\/uploads\/2023\/10\/mariage-13-1024x768-1.jpg\" alt=\"\" class=\"wp-image-1465\" srcset=\"https:\/\/www.camping-keranterec.com\/wp-content\/uploads\/2023\/10\/mariage-13-1024x768-1.jpg 1024w, https:\/\/www.camping-keranterec.com\/wp-content\/uploads\/2023\/10\/mariage-13-1024x768-1-300x225.jpg 300w, https:\/\/www.camping-keranterec.com\/wp-content\/uploads\/2023\/10\/mariage-13-1024x768-1-768x576.jpg 768w\" sizes=\"(max-width: 1024px) 100vw, 1024px\" \/><\/figure>\n<\/figure>\n<\/div>\n\n\n\n<div class=\"is-layout-flow wp-block-column is-vertically-aligned-center deco--jeu-plage\">\n<h2 class=\"h3 has-dore-color has-text-color\">Genie\u00dfen Sie einen Campingplatz in der N\u00e4he von Concarneau <span class=\"fc-span\">mit Raumvermietung<\/span><\/h2>\n\n\n\n<p>Der <a href=\"https:\/\/www.camping-keranterec.com\/de\/\" data-type=\"page\" data-id=\"2\">Campingplatz in Fouesnant<\/a> K\u00e9rant\u00e9rec de <a href=\"https:\/\/www.camping-keranterec.com\/de\/alentours\/la-foret-fouesnant\/\" data-type=\"alentours\" data-id=\"838\">La For\u00eat Fouesnant<\/a> begleitet Sie und erleichtert Ihnen die Organisation Ihrer Veranstaltungen. Denn der <strong>Campingplatz mit Saalvermietung<\/strong> in K\u00e9rant\u00e9rec bietet Ihnen die M\u00f6glichkeit, Ihre G\u00e4ste vor Ort unterzubringen! Buchen Sie sofort <a href=\"https:\/\/www.camping-keranterec.com\/de\/location-mobil-home-bretagne-sud\/\" data-type=\"page\" data-id=\"354\">Mobilheime mit zwei oder drei Schlafzimmern <\/a>! Einige von ihnen haben \u00fcbrigens dank der idealen Lage des Campingplatzes <strong>Meerblick<\/strong>. Dar\u00fcber hinaus hat jeder Gast die M\u00f6glichkeit, die vor Ort angebotenen Freizeiteinrichtungen zu nutzen. Unter ihnen k\u00f6nnen sie sich somit anschlie\u00dfen :<\/p>\n\n\n\n<div class=\"wp-block-fc-gut-lire-plus fc-mob\">\n<p>Lesen Sie mehr<\/p>\n\n\n\n<div class=\"is-layout-flow wp-block-group\">\n<ul class=\"pictos-small col-2\">\n<li><span class=\"fc-icon balloons-solid\"><\/span>  der Spielplatz<\/li>\n\n\n\n<li><span class=\"fc-icon table-tennis-paddle-ball-solid\"><\/span>  der Tischtennisraum<\/li>\n\n\n\n<li><span class=\"fc-icon racquet-solid\"><\/span>  der Tennisplatz<\/li>\n\n\n\n<li><span class=\"fc-icon baseball-solid\"><\/span>  der Bouleplatz<\/li>\n\n\n\n<li><span class=\"fc-icon water-solid\"><\/span> <a href=\"https:\/\/www.camping-keranterec.com\/de\/camping-bretagne-freibad\/\" data-type=\"page\" data-id=\"368\">der Wasserbereich<\/a>, der aus <strong>zwei beheizten Schwimmbecken<\/strong>, einem Hallen- und einem Freibad, einem Whirlpool und Rutschen besteht<\/li>\n\n\n\n<li><span class=\"fc-icon child-solid\"><\/span>  die beiden aufblasbaren Spiele f\u00fcr die Kleinsten<\/li>\n<\/ul>\n\n\n\n<p>Alle G\u00e4ste, die untergebracht sind, k\u00f6nnen so die verschiedenen Einrichtungen nutzen, die der <strong>Campingplatz in der N\u00e4he von Concarneau de K\u00e9rant\u00e9rec <\/strong> bietet!<\/p>\n<\/div>\n<\/div>\n<\/div>\n<\/div>\n\n<div class=\"is-layout-constrained wp-block-group dispo\">\n<h2 class=\"has-text-align-center h1 has-bleu-color has-text-color\">Wie kann ich <span class=\"fc-span\">den Empfangsraum des Campingplatzes<\/span> buchen?<\/h2>\n\n\n\n<p class=\"has-text-align-center\">Der Festsaal kann in den Monaten April, Mai, Juni und September gemietet werden.<\/p>\n\n\n\n<p class=\"has-text-align-center\">F\u00fcr weitere Informationen und Buchungsanfragen kontaktieren Sie uns bitte unter <a itemprop=\"telephone\" href=\"tel:+33298569811\">02 98 56 98 11<\/a> oder per E-Mail an  <a itemprop=\"email\" href=\"mailto:info@camping-keranterec.com\">info@camping-keranterec.com<\/a><\/p>\n\n\n\n<div class=\"is-content-justification-center is-layout-flex wp-container-21 wp-block-buttons\">\n<div class=\"wp-block-button btn_contact fc-style-3\"><a class=\"wp-block-button__link wp-element-button\"><span class=\"fc-icon circle-envelope-solid\"><\/span>  Kontaktieren Sie uns<\/a><\/div>\n<\/div>\n\n\n\n<div class=\"wp-block-fc-gut-accordeon first fc-desk\">\n<p>April 2024 <em>(keine Dispo)<\/em><\/p>\n\n\n\n<div class=\"is-layout-flow wp-block-group\">\n<ul>\n<li><em>Vom 05. bis zum 08.<\/em><\/li>\n\n\n\n<li><em>Vom 12. bis zum 15.<\/em><\/li>\n\n\n\n<li><em>Vom 19. bis 22.<\/em><\/li>\n\n\n\n<li><em>Vom 26. bis zum 29.<\/em><\/li>\n<\/ul>\n<\/div>\n<\/div>\n\n\n\n<div class=\"wp-block-fc-gut-accordeon fc-desk\">\n<p>Mai 2024 <em>(keine Dispo)<\/em><\/p>\n\n\n\n<div class=\"is-layout-flow wp-block-group\">\n<ul>\n<li><em>Vom 03. bis zum 06.<\/em><\/li>\n\n\n\n<li><em>Vom 09. bis zum 12.<\/em><\/li>\n\n\n\n<li><em>Vom 17. bis 20.<\/em><\/li>\n\n\n\n<li><em>Vom 24. bis zum 27.<\/em><\/li>\n<\/ul>\n<\/div>\n<\/div>\n\n\n\n<div class=\"wp-block-fc-gut-accordeon fc-desk\">\n<p>Juni 2024 <em>(keine Dispo)<\/em><\/p>\n\n\n\n<div class=\"is-layout-flow wp-block-group\">\n<ul>\n<li><em>Von 31 bis 03<\/em><\/li>\n\n\n\n<li><em>Vom 07. bis zum 10.<\/em><\/li>\n\n\n\n<li><em>Vom 17. bis 20.<\/em><\/li>\n\n\n\n<li><em>Vom 21. bis 24.<\/em><\/li>\n\n\n\n<li><em>Vom 28. bis 01.<\/em><\/li>\n<\/ul>\n<\/div>\n<\/div>\n\n\n\n<div class=\"wp-block-fc-gut-accordeon fc-desk\">\n<p>September 2024 <em>(keine Dispo)<\/em><\/p>\n\n\n\n<div class=\"is-layout-flow wp-block-group\">\n<ul>\n<li><em>Vom 06. bis zum 09.<\/em><\/li>\n\n\n\n<li><em>Vom 13. bis 16.<\/em><\/li>\n\n\n\n<li><em>Vom 20. bis zum 23.<\/em><\/li>\n\n\n\n<li><em>Vom 27. bis zum 30.<\/em><\/li>\n<\/ul>\n<\/div>\n<\/div>\n\n\n\n<div class=\"wp-block-fc-gut-accordeon fc-desk\">\n<p>April 2025<\/p>\n\n\n\n<div class=\"is-layout-flow wp-block-group\">\n<ul>\n<li>Vom 04. bis zum 07.<\/li>\n\n\n\n<li>Vom 11. bis zum 14.<\/li>\n\n\n\n<li>Vom 18. bis 21.<\/li>\n\n\n\n<li>Vom 25. bis 28.<\/li>\n<\/ul>\n<\/div>\n<\/div>\n\n\n\n<div class=\"wp-block-fc-gut-accordeon fc-desk\">\n<p>Mai 2025<\/p>\n\n\n\n<div class=\"is-layout-flow wp-block-group\">\n<ul>\n<li>Vom 02. bis zum 05.<\/li>\n\n\n\n<li>Vom 09. bis zum 12.<\/li>\n\n\n\n<li>Vom 16. bis 19.<\/li>\n\n\n\n<li>Vom 24. bis zum 27.<\/li>\n<\/ul>\n<\/div>\n<\/div>\n\n\n\n<div class=\"wp-block-fc-gut-accordeon fc-desk\">\n<p>Juni 2025<\/p>\n\n\n\n<div class=\"is-layout-flow wp-block-group\">\n<ul>\n<li>Vom 30. bis zum 02.<\/li>\n\n\n\n<li>Vom 06. bis zum 09.<\/li>\n\n\n\n<li>Vom 13. bis 16.<\/li>\n\n\n\n<li>Vom 20. bis zum 23.<\/li>\n\n\n\n<li>Vom 28. bis 01.<\/li>\n<\/ul>\n<\/div>\n<\/div>\n\n\n\n<div class=\"wp-block-fc-gut-accordeon fc-desk\">\n<p>September 2025<\/p>\n\n\n\n<div class=\"is-layout-flow wp-block-group\">\n<ul>\n<li>Vom 05. bis zum 08.<\/li>\n\n\n\n<li>Vom 12. bis zum 15.<\/li>\n\n\n\n<li>Vom 19. bis 22.<\/li>\n\n\n\n<li>Vom 26. bis zum 29.<\/li>\n<\/ul>\n<\/div>\n<\/div>\n<\/div>\n\n<div class=\"is-layout-constrained wp-block-group K-20 deco--vague\">\n<div class=\"is-layout-flex wp-container-33 wp-block-columns\">\n<div class=\"is-layout-flow wp-block-column\">\n<p class=\"fade-right h2 has-dore-color has-text-color\">Sie werden <span class=\"fc-span\">auch m\u00f6gen&#8230;<\/span><\/p>\n<\/div>\n\n\n\n<div class=\"is-layout-flow wp-block-column is-vertically-aligned-bottom fade-left deco--plage\"><\/div>\n<\/div>\n\n\n\n<div class=\"is-layout-flex wp-container-40 wp-block-columns maillage fc-diapo-mob\">\n<div class=\"is-layout-flow wp-block-column\">\n<div class=\"is-layout-constrained wp-block-group\">\n<figure class=\"wp-block-image size-full fc-auto\"><a href=\"https:\/\/www.camping-keranterec.com\/de\/stellplaetze-camping\/\"><img alt=\"\" decoding=\"async\" loading=\"lazy\" width=\"1024\" height=\"768\" src=\"https:\/\/www.camping-keranterec.com\/wp-content\/uploads\/2023\/09\/dji_0055-1024x768-1.jpg\" alt=\"\" class=\"wp-image-151\" srcset=\"https:\/\/www.camping-keranterec.com\/wp-content\/uploads\/2023\/09\/dji_0055-1024x768-1.jpg 1024w, https:\/\/www.camping-keranterec.com\/wp-content\/uploads\/2023\/09\/dji_0055-1024x768-1-300x225.jpg 300w, https:\/\/www.camping-keranterec.com\/wp-content\/uploads\/2023\/09\/dji_0055-1024x768-1-768x576.jpg 768w\" sizes=\"(max-width: 1024px) 100vw, 1024px\" \/><\/a><figcaption class=\"wp-element-caption\">Standorte<\/figcaption><\/figure>\n<\/div>\n<\/div>\n\n\n\n<div class=\"is-layout-flow wp-block-column\">\n<div class=\"is-layout-constrained wp-block-group\">\n<figure class=\"wp-block-image size-full fc-auto\"><a href=\"https:\/\/www.camping-keranterec.com\/de\/aktivitaeten-animationen\/\"><img alt=\"\" decoding=\"async\" loading=\"lazy\" width=\"732\" height=\"1024\" src=\"https:\/\/www.camping-keranterec.com\/wp-content\/uploads\/2023\/10\/9eb87419-0374-4313-89be-4265f59a0c80-1-1024x768-4.jpg\" alt=\"\" class=\"wp-image-289\" srcset=\"https:\/\/www.camping-keranterec.com\/wp-content\/uploads\/2023\/10\/9eb87419-0374-4313-89be-4265f59a0c80-1-1024x768-4.jpg 732w, https:\/\/www.camping-keranterec.com\/wp-content\/uploads\/2023\/10\/9eb87419-0374-4313-89be-4265f59a0c80-1-1024x768-4-214x300.jpg 214w\" sizes=\"(max-width: 732px) 100vw, 732px\" \/><\/a><figcaption class=\"wp-element-caption\">Animationen<\/figcaption><\/figure>\n<\/div>\n<\/div>\n\n\n\n<div class=\"is-layout-flow wp-block-column\">\n<div class=\"is-layout-constrained wp-block-group\">\n<figure class=\"wp-block-image size-full fc-auto\"><a href=\"https:\/\/www.camping-keranterec.com\/de\/dienste\/\"><img alt=\"\" decoding=\"async\" loading=\"lazy\" width=\"1024\" height=\"1025\" src=\"https:\/\/www.camping-keranterec.com\/wp-content\/uploads\/2023\/10\/brehat-32-3.jpg\" alt=\"\" class=\"wp-image-217\" srcset=\"https:\/\/www.camping-keranterec.com\/wp-content\/uploads\/2023\/10\/brehat-32-3.jpg 1024w, https:\/\/www.camping-keranterec.com\/wp-content\/uploads\/2023\/10\/brehat-32-3-300x300.jpg 300w, https:\/\/www.camping-keranterec.com\/wp-content\/uploads\/2023\/10\/brehat-32-3-150x150.jpg 150w, https:\/\/www.camping-keranterec.com\/wp-content\/uploads\/2023\/10\/brehat-32-3-768x769.jpg 768w\" sizes=\"(max-width: 1024px) 100vw, 1024px\" \/><\/a><figcaption class=\"wp-element-caption\">Unsere Dienstleistungen<\/figcaption><\/figure>\n<\/div>\n<\/div>\n<\/div>\n<\/div>\n","protected":false},"excerpt":{"rendered":"<p>Raumvermietung in der N\u00e4he von Concarneau Vermietung von R\u00e4umen f\u00fcr Ihre Veranstaltungen Sind Sie auf der Suche nach einem Raum f\u00fcr dieOrganisation einer privaten oder gesch\u00e4ftlichen Veranstaltung? Der Campingplatz K\u00e9rant\u00e9rec in der N\u00e4he von Concarneau bietet Ihnen einen Saal f\u00fcr Ihre Feierlichkeiten, der bis zu 80 Personen aufnehmen kann! Dieser dank seines Glasdachs lichtdurchflutete Festsaal [&hellip;]<\/p>\n","protected":false},"author":1,"featured_media":0,"parent":0,"menu_order":0,"comment_status":"closed","ping_status":"closed","template":"","meta":{"_seopress_robots_primary_cat":"","_seopress_titles_title":"","_seopress_titles_desc":"","_seopress_robots_index":""},"acf":[],"_links":{"self":[{"href":"https:\/\/www.camping-keranterec.com\/de\/wp-json\/wp\/v2\/pages\/2772"}],"collection":[{"href":"https:\/\/www.camping-keranterec.com\/de\/wp-json\/wp\/v2\/pages"}],"about":[{"href":"https:\/\/www.camping-keranterec.com\/de\/wp-json\/wp\/v2\/types\/page"}],"author":[{"embeddable":true,"href":"https:\/\/www.camping-keranterec.com\/de\/wp-json\/wp\/v2\/users\/1"}],"replies":[{"embeddable":true,"href":"https:\/\/www.camping-keranterec.com\/de\/wp-json\/wp\/v2\/comments?post=2772"}],"version-history":[{"count":6,"href":"https:\/\/www.camping-keranterec.com\/de\/wp-json\/wp\/v2\/pages\/2772\/revisions"}],"predecessor-version":[{"id":4184,"href":"https:\/\/www.camping-keranterec.com\/de\/wp-json\/wp\/v2\/pages\/2772\/revisions\/4184"}],"wp:attachment":[{"href":"https:\/\/www.camping-keranterec.com\/de\/wp-json\/wp\/v2\/media?parent=2772"}],"curies":[{"name":"wp","href":"https:\/\/api.w.org\/{rel}","templated":true}]}}