{"id":2695,"date":"2023-11-21T17:23:18","date_gmt":"2023-11-21T16:23:18","guid":{"rendered":"https:\/\/www.camping-keranterec.com\/aktuelle-nachrichten\/"},"modified":"2023-12-07T14:24:02","modified_gmt":"2023-12-07T13:24:02","slug":"aktuelle-nachrichten","status":"publish","type":"page","link":"https:\/\/www.camping-keranterec.com\/de\/aktuelle-nachrichten\/","title":{"rendered":"Nachrichten"},"content":{"rendered":"\n<div class=\"is-layout-flow wp-block-group alignfull diaporama-header\">\n<figure class=\"is-layout-flex wp-block-gallery-1 wp-block-gallery has-nested-images columns-1 is-cropped fc-diapo fc-auto\">\n<figure class=\"wp-block-image size-full fc-auto\"><img alt=\"\" decoding=\"async\" loading=\"lazy\" width=\"2048\" height=\"1024\" src=\"https:\/\/www.camping-keranterec.com\/wp-content\/uploads\/2023\/09\/camping-keranterec.jpg\" alt=\"\" class=\"wp-image-143\" srcset=\"https:\/\/www.camping-keranterec.com\/wp-content\/uploads\/2023\/09\/camping-keranterec.jpg 2048w, https:\/\/www.camping-keranterec.com\/wp-content\/uploads\/2023\/09\/camping-keranterec-300x150.jpg 300w, https:\/\/www.camping-keranterec.com\/wp-content\/uploads\/2023\/09\/camping-keranterec-1024x512.jpg 1024w, https:\/\/www.camping-keranterec.com\/wp-content\/uploads\/2023\/09\/camping-keranterec-768x384.jpg 768w, https:\/\/www.camping-keranterec.com\/wp-content\/uploads\/2023\/09\/camping-keranterec-1536x768.jpg 1536w\" sizes=\"(max-width: 2048px) 100vw, 2048px\" \/><\/figure>\n\n\n\n<figure class=\"wp-block-image size-full fc-auto\"><img alt=\"\" decoding=\"async\" loading=\"lazy\" width=\"1920\" height=\"1440\" src=\"https:\/\/www.camping-keranterec.com\/wp-content\/uploads\/2023\/10\/dji_0055-vue-aerienne-keranterec.jpg\" alt=\"\" class=\"wp-image-2032\" srcset=\"https:\/\/www.camping-keranterec.com\/wp-content\/uploads\/2023\/10\/dji_0055-vue-aerienne-keranterec.jpg 1920w, https:\/\/www.camping-keranterec.com\/wp-content\/uploads\/2023\/10\/dji_0055-vue-aerienne-keranterec-300x225.jpg 300w, https:\/\/www.camping-keranterec.com\/wp-content\/uploads\/2023\/10\/dji_0055-vue-aerienne-keranterec-1024x768.jpg 1024w, https:\/\/www.camping-keranterec.com\/wp-content\/uploads\/2023\/10\/dji_0055-vue-aerienne-keranterec-768x576.jpg 768w, https:\/\/www.camping-keranterec.com\/wp-content\/uploads\/2023\/10\/dji_0055-vue-aerienne-keranterec-1536x1152.jpg 1536w\" sizes=\"(max-width: 1920px) 100vw, 1920px\" \/><\/figure>\n\n\n\n<figure class=\"wp-block-image size-full fc-auto\"><img alt=\"\" decoding=\"async\" loading=\"lazy\" width=\"1920\" height=\"1440\" src=\"https:\/\/www.camping-keranterec.com\/wp-content\/uploads\/2023\/10\/dji_0089-vue-aerienne-piscine.jpg\" alt=\"\" class=\"wp-image-2037\" srcset=\"https:\/\/www.camping-keranterec.com\/wp-content\/uploads\/2023\/10\/dji_0089-vue-aerienne-piscine.jpg 1920w, https:\/\/www.camping-keranterec.com\/wp-content\/uploads\/2023\/10\/dji_0089-vue-aerienne-piscine-300x225.jpg 300w, https:\/\/www.camping-keranterec.com\/wp-content\/uploads\/2023\/10\/dji_0089-vue-aerienne-piscine-1024x768.jpg 1024w, https:\/\/www.camping-keranterec.com\/wp-content\/uploads\/2023\/10\/dji_0089-vue-aerienne-piscine-768x576.jpg 768w, https:\/\/www.camping-keranterec.com\/wp-content\/uploads\/2023\/10\/dji_0089-vue-aerienne-piscine-1536x1152.jpg 1536w\" sizes=\"(max-width: 1920px) 100vw, 1920px\" \/><\/figure>\n<\/figure>\n\n\n\n<h1 class=\"has-text-align-center\">Nachrichten<\/h1>\n<\/div>\n\n<div class=\"is-layout-constrained wp-block-group\">\n<p class=\"has-text-align-center h2\">Sommerliche Sonderangebote <span class=\"fc-span\">im S\u00fcd-Finist\u00e8re<\/span><\/p>\n\n\n\n<p class=\"has-text-align-center\">Entdecken Sie das s\u00fcdliche Finist\u00e8re zum kleinen Preis mit unseren Sonderangeboten f\u00fcr Campingurlaub!<\/p>\n\n\n\n<p class=\"has-text-align-center\">Genie\u00dfen Sie die Str\u00e4nde, die Wanderwege und die lokale K\u00fcche. Buchen Sie jetzt f\u00fcr g\u00fcnstige Preise.<\/p>\n\n\n\n<div class=\"is-content-justification-center is-layout-flex wp-container-4 wp-block-buttons\">\n<div class=\"wp-block-button btn_resa\"><a class=\"wp-block-button__link wp-element-button\">Buchen Sie Ihren Urlaub<\/a><\/div>\n<\/div>\n<\/div>\n\n<div class=\"is-layout-constrained wp-block-group\">\r\n\t\t<p class=\"has-text-align-center\">En attente...<\/p>\r\n\r\n\t\n<\/div>\n\n<div class=\"is-layout-constrained wp-block-group K-20 deco--vague\">\n<div class=\"is-layout-flex wp-container-9 wp-block-columns\">\n<div class=\"is-layout-flow wp-block-column\">\n<h2 class=\"fade-right has-dore-color has-text-color\">Sie werden <span class=\"fc-span\">auch m\u00f6gen&#8230;<\/span><\/h2>\n<\/div>\n\n\n\n<div class=\"is-layout-flow wp-block-column is-vertically-aligned-bottom deco--tampon-dore\"><\/div>\n<\/div>\n\n\n\n<div class=\"is-layout-flex wp-container-16 wp-block-columns maillage fc-diapo-mob\">\n<div class=\"is-layout-flow wp-block-column\">\n<div class=\"is-layout-constrained wp-block-group\">\n<figure class=\"wp-block-image size-full fc-auto\"><a href=\"https:\/\/www.camping-keranterec.com\/de\/stellplaetze-camping\/\"><img alt=\"\" decoding=\"async\" loading=\"lazy\" width=\"1024\" height=\"768\" src=\"https:\/\/www.camping-keranterec.com\/wp-content\/uploads\/2023\/09\/dji_0055-1024x768-1.jpg\" alt=\"\" class=\"wp-image-151\" srcset=\"https:\/\/www.camping-keranterec.com\/wp-content\/uploads\/2023\/09\/dji_0055-1024x768-1.jpg 1024w, https:\/\/www.camping-keranterec.com\/wp-content\/uploads\/2023\/09\/dji_0055-1024x768-1-300x225.jpg 300w, https:\/\/www.camping-keranterec.com\/wp-content\/uploads\/2023\/09\/dji_0055-1024x768-1-768x576.jpg 768w\" sizes=\"(max-width: 1024px) 100vw, 1024px\" \/><\/a><figcaption class=\"wp-element-caption\">Standorte<\/figcaption><\/figure>\n<\/div>\n<\/div>\n\n\n\n<div class=\"is-layout-flow wp-block-column\">\n<div class=\"is-layout-constrained wp-block-group\">\n<figure class=\"wp-block-image size-full fc-auto\"><a href=\"https:\/\/www.camping-keranterec.com\/de\/aktivitaeten-animationen\/\"><img alt=\"\" decoding=\"async\" loading=\"lazy\" width=\"732\" height=\"1024\" src=\"https:\/\/www.camping-keranterec.com\/wp-content\/uploads\/2023\/10\/9eb87419-0374-4313-89be-4265f59a0c80-1-1024x768-4.jpg\" alt=\"\" class=\"wp-image-289\" srcset=\"https:\/\/www.camping-keranterec.com\/wp-content\/uploads\/2023\/10\/9eb87419-0374-4313-89be-4265f59a0c80-1-1024x768-4.jpg 732w, https:\/\/www.camping-keranterec.com\/wp-content\/uploads\/2023\/10\/9eb87419-0374-4313-89be-4265f59a0c80-1-1024x768-4-214x300.jpg 214w\" sizes=\"(max-width: 732px) 100vw, 732px\" \/><\/a><figcaption class=\"wp-element-caption\">Animationen<\/figcaption><\/figure>\n<\/div>\n<\/div>\n\n\n\n<div class=\"is-layout-flow wp-block-column\">\n<div class=\"is-layout-constrained wp-block-group\">\n<figure class=\"wp-block-image size-full fc-auto\"><a href=\"https:\/\/www.camping-keranterec.com\/de\/dienste\/\"><img alt=\"\" decoding=\"async\" loading=\"lazy\" width=\"1024\" height=\"1025\" src=\"https:\/\/www.camping-keranterec.com\/wp-content\/uploads\/2023\/10\/brehat-32-3.jpg\" alt=\"\" class=\"wp-image-217\" srcset=\"https:\/\/www.camping-keranterec.com\/wp-content\/uploads\/2023\/10\/brehat-32-3.jpg 1024w, https:\/\/www.camping-keranterec.com\/wp-content\/uploads\/2023\/10\/brehat-32-3-300x300.jpg 300w, https:\/\/www.camping-keranterec.com\/wp-content\/uploads\/2023\/10\/brehat-32-3-150x150.jpg 150w, https:\/\/www.camping-keranterec.com\/wp-content\/uploads\/2023\/10\/brehat-32-3-768x769.jpg 768w\" sizes=\"(max-width: 1024px) 100vw, 1024px\" \/><\/a><figcaption class=\"wp-element-caption\">Unsere Dienstleistungen<\/figcaption><\/figure>\n<\/div>\n<\/div>\n<\/div>\n<\/div>\n","protected":false},"excerpt":{"rendered":"<p>Nachrichten Sommerliche Sonderangebote im S\u00fcd-Finist\u00e8re Entdecken Sie das s\u00fcdliche Finist\u00e8re zum kleinen Preis mit unseren Sonderangeboten f\u00fcr Campingurlaub! Genie\u00dfen Sie die Str\u00e4nde, die Wanderwege und die lokale K\u00fcche. Buchen Sie jetzt f\u00fcr g\u00fcnstige Preise. Sie werden auch m\u00f6gen&#8230;<\/p>\n","protected":false},"author":1,"featured_media":0,"parent":0,"menu_order":0,"comment_status":"closed","ping_status":"closed","template":"","meta":{"_seopress_robots_primary_cat":"","_seopress_titles_title":"","_seopress_titles_desc":"","_seopress_robots_index":""},"acf":[],"_links":{"self":[{"href":"https:\/\/www.camping-keranterec.com\/de\/wp-json\/wp\/v2\/pages\/2695"}],"collection":[{"href":"https:\/\/www.camping-keranterec.com\/de\/wp-json\/wp\/v2\/pages"}],"about":[{"href":"https:\/\/www.camping-keranterec.com\/de\/wp-json\/wp\/v2\/types\/page"}],"author":[{"embeddable":true,"href":"https:\/\/www.camping-keranterec.com\/de\/wp-json\/wp\/v2\/users\/1"}],"replies":[{"embeddable":true,"href":"https:\/\/www.camping-keranterec.com\/de\/wp-json\/wp\/v2\/comments?post=2695"}],"version-history":[{"count":6,"href":"https:\/\/www.camping-keranterec.com\/de\/wp-json\/wp\/v2\/pages\/2695\/revisions"}],"predecessor-version":[{"id":4144,"href":"https:\/\/www.camping-keranterec.com\/de\/wp-json\/wp\/v2\/pages\/2695\/revisions\/4144"}],"wp:attachment":[{"href":"https:\/\/www.camping-keranterec.com\/de\/wp-json\/wp\/v2\/media?parent=2695"}],"curies":[{"name":"wp","href":"https:\/\/api.w.org\/{rel}","templated":true}]}}