{"id":2687,"date":"2023-11-21T17:23:17","date_gmt":"2023-11-21T16:23:17","guid":{"rendered":"https:\/\/www.camping-keranterec.com\/stellplaetze-camping\/"},"modified":"2023-12-07T15:17:38","modified_gmt":"2023-12-07T14:17:38","slug":"stellplaetze-camping","status":"publish","type":"page","link":"https:\/\/www.camping-keranterec.com\/de\/stellplaetze-camping\/","title":{"rendered":"Unterk\u00fcnfte &#8211; Stellpl\u00e4tze"},"content":{"rendered":"\n<div class=\"is-layout-flow wp-block-group alignfull diaporama-header\">\n<figure class=\"is-layout-flex wp-block-gallery-1 wp-block-gallery has-nested-images columns-1 is-cropped fc-diapo fc-auto\">\n<figure class=\"wp-block-image size-full fc-auto\"><img alt=\"\" decoding=\"async\" loading=\"lazy\" width=\"1024\" height=\"683\" src=\"https:\/\/www.camping-keranterec.com\/wp-content\/uploads\/2023\/10\/dsc_0266-1024x683-2.jpg\" alt=\"\" class=\"wp-image-1617\" srcset=\"https:\/\/www.camping-keranterec.com\/wp-content\/uploads\/2023\/10\/dsc_0266-1024x683-2.jpg 1024w, https:\/\/www.camping-keranterec.com\/wp-content\/uploads\/2023\/10\/dsc_0266-1024x683-2-300x200.jpg 300w, https:\/\/www.camping-keranterec.com\/wp-content\/uploads\/2023\/10\/dsc_0266-1024x683-2-768x512.jpg 768w\" sizes=\"(max-width: 1024px) 100vw, 1024px\" \/><\/figure>\n\n\n\n<figure class=\"wp-block-image size-full fc-auto\"><img alt=\"\" decoding=\"async\" loading=\"lazy\" width=\"1429\" height=\"801\" src=\"https:\/\/www.camping-keranterec.com\/wp-content\/uploads\/2023\/10\/pict_18_1.jpg\" alt=\"\" class=\"wp-image-1949\" srcset=\"https:\/\/www.camping-keranterec.com\/wp-content\/uploads\/2023\/10\/pict_18_1.jpg 1429w, https:\/\/www.camping-keranterec.com\/wp-content\/uploads\/2023\/10\/pict_18_1-300x168.jpg 300w, https:\/\/www.camping-keranterec.com\/wp-content\/uploads\/2023\/10\/pict_18_1-1024x574.jpg 1024w, https:\/\/www.camping-keranterec.com\/wp-content\/uploads\/2023\/10\/pict_18_1-768x430.jpg 768w\" sizes=\"(max-width: 1429px) 100vw, 1429px\" \/><\/figure>\n\n\n\n<figure class=\"wp-block-image size-full fc-auto\"><img alt=\"\" decoding=\"async\" loading=\"lazy\" width=\"1429\" height=\"801\" src=\"https:\/\/www.camping-keranterec.com\/wp-content\/uploads\/2023\/10\/pict_19_1.jpg\" alt=\"\" class=\"wp-image-1953\" srcset=\"https:\/\/www.camping-keranterec.com\/wp-content\/uploads\/2023\/10\/pict_19_1.jpg 1429w, https:\/\/www.camping-keranterec.com\/wp-content\/uploads\/2023\/10\/pict_19_1-300x168.jpg 300w, https:\/\/www.camping-keranterec.com\/wp-content\/uploads\/2023\/10\/pict_19_1-1024x574.jpg 1024w, https:\/\/www.camping-keranterec.com\/wp-content\/uploads\/2023\/10\/pict_19_1-768x430.jpg 768w\" sizes=\"(max-width: 1429px) 100vw, 1429px\" \/><\/figure>\n<\/figure>\n\n\n\n<h1 class=\"has-text-align-center\">Unsere Campingpl\u00e4tze <span class=\"fc-span\">in La For\u00eat Fouesnant<\/span><\/h1>\n<\/div>\n\n<div class=\"is-layout-flex wp-container-10 wp-block-columns K-35 deco--fleurs\">\n<div class=\"is-layout-flow wp-block-column\" style=\"flex-basis:43%\">\n<p class=\"h3 has-bleu-clair-color has-text-color\">Gelungener Campingurlaub <span class=\"fc-span\">im Finist\u00e8re<\/span><\/p>\n\n\n\n<p>Der 4* Campingplatz K\u00e9rant\u00e9rec empf\u00e4ngt Sie f\u00fcr Ihren <strong>Urlaub auf einem Stellplatz<\/strong> im <strong>s\u00fcdlichen Finist\u00e8re<\/strong>, direkt am Meer! Der Campingplatz liegt zwischen <a href=\"https:\/\/www.camping-keranterec.com\/de\/alentours\/fouesnant-les-glenan\/\" data-type=\"alentours\" data-id=\"837\">Fouesnant<\/a> und Concarneau und verf\u00fcgt \u00fcber eine ideale Lage, um die Region zu erkunden und gleichzeitig das Meer zu genie\u00dfen.<\/p>\n\n\n\n<div class=\"wp-block-fc-gut-lire-plus fc-mob\">\n<p>Lesen Sie mehr<\/p>\n\n\n\n<div class=\"is-layout-flow wp-block-group\">\n<h2 class=\"h4 has-dore-clair-color has-text-color\">Stellpl\u00e4tze f\u00fcr Zelte, Wohnwagen und Wohnmobile direkt am Meer<\/h2>\n\n\n\n<p>F\u00fcr Anh\u00e4nger und Liebhaber des traditionellen Campings bieten wir <strong>Campingpl\u00e4tze<\/strong> an, auf denen Sie Ihr <strong>Zelt<\/strong> aufschlagen, mit dem <strong>Wohnwagen <\/strong>oder <strong>Wohnmobil<\/strong> \u00fcbernachten k\u00f6nnen.<\/p>\n\n\n\n<div class=\"wp-block-fc-gut-lire-plus fc-desk\">\n<p>Lesen Sie mehr<\/p>\n\n\n\n<div class=\"is-layout-flow wp-block-group\">\n<p>Wir w\u00fcrden uns freuen, Sie und Ihre Ausr\u00fcstung auf dem Campingplatz K\u00e9rant\u00e9rec f\u00fcr Ihren n\u00e4chsten <strong>Urlaub im s\u00fcdlichen Finist\u00e8re<\/strong> begr\u00fc\u00dfen zu d\u00fcrfen. Mit der Familie oder mit Freunden entdecken oder wiederentdecken Sie die Freuden des Campings auf <strong>komfortablen Stellpl\u00e4tzen nur wenige Meter vom Strand entfernt<\/strong>.<\/p>\n\n\n\n<p>Alle Stellpl\u00e4tze sind ger\u00e4umig und durch Hecken abgegrenzt, so dass Sie Ihren pers\u00f6nlichen Freiraum genie\u00dfen k\u00f6nnen. Je nach Wunsch k\u00f6nnen Sie einen sonnigen, schattigen oder halbschattigen <strong>sonnigen bevorzugen<\/strong>.<\/p>\n<\/div>\n<\/div>\n<\/div>\n<\/div>\n\n\n\n<div class=\"wp-block-fc-gut-encart fc-alerte\">\n<p class=\"deco--chien\"><strong>Sanit\u00e4rblock:<\/strong> Hundedusche vorhanden!<\/p>\n<\/div>\n\n\n\n<ul class=\"pictos-small\">\n<li><a href=\"https:\/\/www.camping-keranterec.com\/de\/informationen-praktiken\/\" data-type=\"page\" data-id=\"376\"><span class=\"fc-icon dog-light\"><\/span> <strong>Wir akzeptieren Haustiere!<\/strong><\/a><\/li>\n<\/ul>\n<\/div>\n\n\n\n<div class=\"is-layout-flow wp-block-column deco--bloc-vague\">\n<figure class=\"is-layout-flex wp-block-gallery-7 wp-block-gallery has-nested-images columns-default is-cropped  fade-left fc-full\">\n<figure class=\"wp-block-image size-large fc-auto\"><img alt=\"\" decoding=\"async\" loading=\"lazy\" width=\"1024\" height=\"683\" src=\"https:\/\/www.camping-keranterec.com\/wp-content\/uploads\/2023\/10\/dsc_0266-1024x683-1.jpg\" alt=\"\" class=\"wp-image-1597\" srcset=\"https:\/\/www.camping-keranterec.com\/wp-content\/uploads\/2023\/10\/dsc_0266-1024x683-1.jpg 1024w, https:\/\/www.camping-keranterec.com\/wp-content\/uploads\/2023\/10\/dsc_0266-1024x683-1-300x200.jpg 300w, https:\/\/www.camping-keranterec.com\/wp-content\/uploads\/2023\/10\/dsc_0266-1024x683-1-768x512.jpg 768w\" sizes=\"(max-width: 1024px) 100vw, 1024px\" \/><\/figure>\n\n\n\n<figure class=\"wp-block-image size-large fc-auto\"><img alt=\"\" decoding=\"async\" loading=\"lazy\" width=\"960\" height=\"640\" src=\"https:\/\/www.camping-keranterec.com\/wp-content\/uploads\/2023\/10\/photo-emplacement.jpg\" alt=\"\" class=\"wp-image-1601\" srcset=\"https:\/\/www.camping-keranterec.com\/wp-content\/uploads\/2023\/10\/photo-emplacement.jpg 960w, https:\/\/www.camping-keranterec.com\/wp-content\/uploads\/2023\/10\/photo-emplacement-300x200.jpg 300w, https:\/\/www.camping-keranterec.com\/wp-content\/uploads\/2023\/10\/photo-emplacement-768x512.jpg 768w\" sizes=\"(max-width: 960px) 100vw, 960px\" \/><\/figure>\n<\/figure>\n\n\n\n<div class=\"wp-block-fc-gut-encart fc-information\">\n<p class=\"has-dore-clair-background-color has-background\"><a href=\"https:\/\/www.camping-keranterec.com\/de\/dienste\/\" data-type=\"page\" data-id=\"360\">Dienstleistungen ansehen <span class=\"fc-icon martini-glass-citrus-light\"><\/span><\/a><\/p>\n<\/div>\n<\/div>\n<\/div>\n\n<div class=\"is-layout-flex wp-container-20 wp-block-columns alignfull are-vertically-aligned-center K-25 reverse-mob has-bleu-clair-background-color has-background\">\n<div class=\"is-layout-flow wp-block-column is-vertically-aligned-center K-25-col\">\n<figure class=\"is-layout-flex wp-block-gallery-11 wp-block-gallery has-nested-images columns-2 is-cropped  fade-right fc-diapo fc-auto\">\n<figure class=\"wp-block-image size-large fc-auto\"><img alt=\"\" decoding=\"async\" loading=\"lazy\" width=\"1024\" height=\"682\" src=\"https:\/\/www.camping-keranterec.com\/wp-content\/uploads\/2023\/10\/photo-2-crique-1024x682-1.jpg\" alt=\"\" class=\"wp-image-1605\" srcset=\"https:\/\/www.camping-keranterec.com\/wp-content\/uploads\/2023\/10\/photo-2-crique-1024x682-1.jpg 1024w, https:\/\/www.camping-keranterec.com\/wp-content\/uploads\/2023\/10\/photo-2-crique-1024x682-1-300x200.jpg 300w, https:\/\/www.camping-keranterec.com\/wp-content\/uploads\/2023\/10\/photo-2-crique-1024x682-1-768x512.jpg 768w\" sizes=\"(max-width: 1024px) 100vw, 1024px\" \/><\/figure>\n\n\n\n<figure class=\"wp-block-image size-large fc-auto\"><img alt=\"\" decoding=\"async\" loading=\"lazy\" width=\"768\" height=\"1024\" src=\"https:\/\/www.camping-keranterec.com\/wp-content\/uploads\/2023\/10\/img_0369-768x1024-1.jpg\" alt=\"\" class=\"wp-image-1609\" srcset=\"https:\/\/www.camping-keranterec.com\/wp-content\/uploads\/2023\/10\/img_0369-768x1024-1.jpg 768w, https:\/\/www.camping-keranterec.com\/wp-content\/uploads\/2023\/10\/img_0369-768x1024-1-225x300.jpg 225w\" sizes=\"(max-width: 768px) 100vw, 768px\" \/><\/figure>\n\n\n\n<figure class=\"wp-block-image size-large fc-auto\"><img alt=\"\" decoding=\"async\" loading=\"lazy\" width=\"1024\" height=\"683\" src=\"https:\/\/www.camping-keranterec.com\/wp-content\/uploads\/2023\/10\/056-1024x683-1.jpg\" alt=\"\" class=\"wp-image-1613\" srcset=\"https:\/\/www.camping-keranterec.com\/wp-content\/uploads\/2023\/10\/056-1024x683-1.jpg 1024w, https:\/\/www.camping-keranterec.com\/wp-content\/uploads\/2023\/10\/056-1024x683-1-300x200.jpg 300w, https:\/\/www.camping-keranterec.com\/wp-content\/uploads\/2023\/10\/056-1024x683-1-768x512.jpg 768w\" sizes=\"(max-width: 1024px) 100vw, 1024px\" \/><\/figure>\n\n\n\n<figure class=\"wp-block-image size-large fc-auto\"><img alt=\"\" decoding=\"async\" loading=\"lazy\" width=\"1024\" height=\"683\" src=\"https:\/\/www.camping-keranterec.com\/wp-content\/uploads\/2023\/10\/dsc_0266-1024x683-2.jpg\" alt=\"\" class=\"wp-image-1617\" srcset=\"https:\/\/www.camping-keranterec.com\/wp-content\/uploads\/2023\/10\/dsc_0266-1024x683-2.jpg 1024w, https:\/\/www.camping-keranterec.com\/wp-content\/uploads\/2023\/10\/dsc_0266-1024x683-2-300x200.jpg 300w, https:\/\/www.camping-keranterec.com\/wp-content\/uploads\/2023\/10\/dsc_0266-1024x683-2-768x512.jpg 768w\" sizes=\"(max-width: 1024px) 100vw, 1024px\" \/><\/figure>\n\n\n\n<figure class=\"wp-block-image size-large fc-auto\"><img alt=\"\" decoding=\"async\" loading=\"lazy\" width=\"1024\" height=\"1024\" src=\"https:\/\/www.camping-keranterec.com\/wp-content\/uploads\/2023\/10\/7f7021ca-7fff-48db-99d9-36b9da3f3333-1024x1024-1.jpg\" alt=\"\" class=\"wp-image-1621\" srcset=\"https:\/\/www.camping-keranterec.com\/wp-content\/uploads\/2023\/10\/7f7021ca-7fff-48db-99d9-36b9da3f3333-1024x1024-1.jpg 1024w, https:\/\/www.camping-keranterec.com\/wp-content\/uploads\/2023\/10\/7f7021ca-7fff-48db-99d9-36b9da3f3333-1024x1024-1-300x300.jpg 300w, https:\/\/www.camping-keranterec.com\/wp-content\/uploads\/2023\/10\/7f7021ca-7fff-48db-99d9-36b9da3f3333-1024x1024-1-150x150.jpg 150w, https:\/\/www.camping-keranterec.com\/wp-content\/uploads\/2023\/10\/7f7021ca-7fff-48db-99d9-36b9da3f3333-1024x1024-1-768x768.jpg 768w\" sizes=\"(max-width: 1024px) 100vw, 1024px\" \/><\/figure>\n\n\n\n<figure class=\"wp-block-image size-large fc-auto\"><img alt=\"\" decoding=\"async\" loading=\"lazy\" width=\"1024\" height=\"683\" src=\"https:\/\/www.camping-keranterec.com\/wp-content\/uploads\/2023\/10\/caravane.jpg\" alt=\"\" class=\"wp-image-1625\" srcset=\"https:\/\/www.camping-keranterec.com\/wp-content\/uploads\/2023\/10\/caravane.jpg 1024w, https:\/\/www.camping-keranterec.com\/wp-content\/uploads\/2023\/10\/caravane-300x200.jpg 300w, https:\/\/www.camping-keranterec.com\/wp-content\/uploads\/2023\/10\/caravane-768x512.jpg 768w\" sizes=\"(max-width: 1024px) 100vw, 1024px\" \/><\/figure>\n\n\n\n<figure class=\"wp-block-image size-large fc-auto\"><img alt=\"\" decoding=\"async\" loading=\"lazy\" width=\"850\" height=\"567\" src=\"https:\/\/www.camping-keranterec.com\/wp-content\/uploads\/2023\/10\/sanitaire.jpg\" alt=\"\" class=\"wp-image-2506\" srcset=\"https:\/\/www.camping-keranterec.com\/wp-content\/uploads\/2023\/10\/sanitaire.jpg 850w, https:\/\/www.camping-keranterec.com\/wp-content\/uploads\/2023\/10\/sanitaire-300x200.jpg 300w, https:\/\/www.camping-keranterec.com\/wp-content\/uploads\/2023\/10\/sanitaire-768x512.jpg 768w\" sizes=\"(max-width: 850px) 100vw, 850px\" \/><\/figure>\n<\/figure>\n\n\n\n<div class=\"wp-block-fc-gut-encart fc-information\">\n<p><a href=\"https:\/\/www.camping-keranterec.com\/de\/camping-bretagne-freibad\/\" data-type=\"page\" data-id=\"368\">Entdecken Sie den Pool! <span class=\"fc-icon water-light\"><\/span><\/a><\/p>\n<\/div>\n<\/div>\n\n\n\n<div class=\"is-layout-flow wp-block-column is-vertically-aligned-center\">\n<h2>Ein Campingplatz in der N\u00e4he von Fouesnant <span class=\"fc-span\">mit 110 Stellpl\u00e4tzen<\/span><\/h2>\n\n\n\n<p>Und f\u00fcr Ihren Komfort sind <strong>unsere sind sowie 10 Ampere<\/strong> Strom sind.<\/p>\n\n\n\n<div class=\"wp-block-fc-gut-lire-plus fc-mob\">\n<p>Lesen Sie mehr<\/p>\n\n\n\n<div class=\"is-layout-flow wp-block-group\">\n<p>Unsere durchreisenden <strong>Wohnmobilfreunde<\/strong> sind auf unserem <strong>4-Sterne-Campingplatz in der N\u00e4he von Fouesnant<\/strong> und <strong>Concarneau<\/strong> direkt am Meer herzlich willkommen, egal wie lange Ihr Aufenthalt dauert! Wir bieten Wohnmobilisten g\u00fcnstige Stellplatzmieten f\u00fcr ihren Campingaufenthalt sowie einen <strong>Servicebereich<\/strong>.<\/p>\n\n\n\n<p>Wer an einen Campingurlaub denkt, muss auch an einen Grillabend denken! Zur Freude der Urlauber ist das <strong>Grillen auf dem Campingplatz erlaubt<\/strong>. Z\u00f6gern Sie nicht, Ihre eigene Ausr\u00fcstung mitzubringen, oder schauen Sie sich unseren <strong>Grillverleih<\/strong> an!<\/p>\n\n\n\n<div class=\"wp-block-fc-gut-lire-plus fc-desk\">\n<p>Lesen Sie mehr<\/p>\n\n\n\n<div class=\"is-layout-flow wp-block-group\">\n<h2 class=\"h4\">Zugang zu allen Einrichtungen und Dienstleistungen des Campingplatzes K\u00e9rant\u00e9rec<\/h2>\n\n\n\n<p>Es stehen Ihnen zwei Sanit\u00e4rbl\u00f6cke zur Verf\u00fcgung, um Ihren Urlaub so angenehm wie m\u00f6glich zu gestalten. Praktisch und ideal gelegen, bestehen unsere Sanit\u00e4ranlagen aus Doppelkabinen und Babybadewannen. Es gibt auch einen <strong>Waschsalon<\/strong> mit Waschmaschinen und Trocknern. Unsere Sanit\u00e4ranlagen sind auch f\u00fcr Personen mit eingeschr\u00e4nkter Mobilit\u00e4t zug\u00e4nglich und f\u00fcr die J\u00fcngsten geeignet&#8230; (Babybadewanne &#8211; Familienkabine).<\/p>\n\n\n\n<p>Nutzen Sie alle <a href=\"https:\/\/www.camping-keranterec.com\/de\/dienste\/\" data-type=\"page\" data-id=\"360\">Dienstleistungen<\/a> und Einrichtungen des Campingplatzes in vollem Umfang und haben Sie Zugang zum ?<strong><a href=\"https:\/\/www.camping-keranterec.com\/de\/camping-bretagne-freibad\/\" data-type=\"page\" data-id=\"368\">Wasserbereich<\/a><\/strong> mit seinem <strong>beheizten Hallenbad<\/strong>.<\/p>\n<\/div>\n<\/div>\n<\/div>\n<\/div>\n\n\n\n<div class=\"is-layout-flex wp-container-18 wp-block-columns encart--columns deco--flore-plage fade-right rapide\">\n<div class=\"is-layout-flow wp-block-column\">\n<figure class=\"wp-block-image size-full fc-auto\"><img alt=\"\" decoding=\"async\" loading=\"lazy\" width=\"972\" height=\"647\" src=\"https:\/\/www.camping-keranterec.com\/wp-content\/uploads\/2023\/10\/pict_32_1-1.jpg\" alt=\"\" class=\"wp-image-1957\" srcset=\"https:\/\/www.camping-keranterec.com\/wp-content\/uploads\/2023\/10\/pict_32_1-1.jpg 972w, https:\/\/www.camping-keranterec.com\/wp-content\/uploads\/2023\/10\/pict_32_1-1-300x200.jpg 300w, https:\/\/www.camping-keranterec.com\/wp-content\/uploads\/2023\/10\/pict_32_1-1-768x511.jpg 768w\" sizes=\"(max-width: 972px) 100vw, 972px\" \/><\/figure>\n<\/div>\n\n\n\n<div class=\"is-layout-flow wp-block-column\">\n<p class=\"h4 has-bleu-color has-text-color\">Stellplatz Komfort plus<\/p>\n\n\n\n<p>Der Standort <strong>Komfort<\/strong> Plus ist der ideale und ausgestattete Standort.<\/p>\n\n\n\n<p>Unsere Komfort-Plus-Stellpl\u00e4tze sind mit einem<strong> Mini-Mobilheim ausgestattet, das \u00fcber einen Stromanschluss verf\u00fcgt<\/strong>. Im Inneren finden Sie einen <strong>K\u00fchlschrank<\/strong>, einen <strong>Grill<\/strong>, <strong>Tische <\/strong>und <strong>St\u00fchle<\/strong>.<\/p>\n<\/div>\n<\/div>\n<\/div>\n<\/div>\n\n<div class=\"is-layout-constrained wp-block-group K-20 deco--vague\">\n<div class=\"is-layout-flex wp-container-24 wp-block-columns\">\n<div class=\"is-layout-flow wp-block-column\">\n<p class=\"fade-right h2 has-bleu-color has-text-color\">Sie werden <span class=\"fc-span\">auch m\u00f6gen&#8230;<\/span><\/p>\n<\/div>\n\n\n\n<div class=\"is-layout-flow wp-block-column is-vertically-aligned-bottom deco--plage\">\n<div class=\"is-layout-flex wp-block-buttons\">\n<div class=\"wp-block-button fc-style-3\"><a class=\"wp-block-button__link wp-element-button\" href=\"https:\/\/www.camping-keranterec.com\/de\/fotogalerie\/\">In Bildern entdecken<\/a><\/div>\n\n\n\n<div class=\"wp-block-button btn_resa\"><a class=\"wp-block-button__link wp-element-button\">Buchen Sie schnell!<\/a><\/div>\n<\/div>\n<\/div>\n<\/div>\n\n\n\n<div class=\"is-layout-flex wp-container-31 wp-block-columns maillage fc-diapo-mob\">\n<div class=\"is-layout-flow wp-block-column\">\n<div class=\"is-layout-constrained wp-block-group\">\n<figure class=\"wp-block-image size-full fc-auto\"><a href=\"https:\/\/www.camping-keranterec.com\/de\/ausstattungen\/\"><img alt=\"\" decoding=\"async\" loading=\"lazy\" width=\"655\" height=\"455\" src=\"https:\/\/www.camping-keranterec.com\/wp-content\/uploads\/2022\/02\/crtb-ad3564_berthier-emmanuel-655x455-1.jpg\" alt=\"\" class=\"wp-image-1538\" srcset=\"https:\/\/www.camping-keranterec.com\/wp-content\/uploads\/2022\/02\/crtb-ad3564_berthier-emmanuel-655x455-1.jpg 655w, https:\/\/www.camping-keranterec.com\/wp-content\/uploads\/2022\/02\/crtb-ad3564_berthier-emmanuel-655x455-1-300x208.jpg 300w\" sizes=\"(max-width: 655px) 100vw, 655px\" \/><\/a><figcaption class=\"wp-element-caption\">Ausstattungen<\/figcaption><\/figure>\n<\/div>\n<\/div>\n\n\n\n<div class=\"is-layout-flow wp-block-column\">\n<div class=\"is-layout-constrained wp-block-group\">\n<figure class=\"wp-block-image size-large fc-auto\"><a href=\"https:\/\/www.camping-keranterec.com\/de\/umgebung\/\"><img alt=\"\" decoding=\"async\" loading=\"lazy\" width=\"1024\" height=\"576\" src=\"https:\/\/www.camping-keranterec.com\/wp-content\/uploads\/2023\/10\/marin-tulard-xRTECtzU60A-unsplash-1024x576.jpg\" alt=\"\" class=\"wp-image-1278\" srcset=\"https:\/\/www.camping-keranterec.com\/wp-content\/uploads\/2023\/10\/marin-tulard-xRTECtzU60A-unsplash-1024x576.jpg 1024w, https:\/\/www.camping-keranterec.com\/wp-content\/uploads\/2023\/10\/marin-tulard-xRTECtzU60A-unsplash-300x169.jpg 300w, https:\/\/www.camping-keranterec.com\/wp-content\/uploads\/2023\/10\/marin-tulard-xRTECtzU60A-unsplash-768x432.jpg 768w, https:\/\/www.camping-keranterec.com\/wp-content\/uploads\/2023\/10\/marin-tulard-xRTECtzU60A-unsplash-1536x864.jpg 1536w, https:\/\/www.camping-keranterec.com\/wp-content\/uploads\/2023\/10\/marin-tulard-xRTECtzU60A-unsplash.jpg 1920w\" sizes=\"(max-width: 1024px) 100vw, 1024px\" \/><\/a><figcaption class=\"wp-element-caption\">In der Umgebung<\/figcaption><\/figure>\n<\/div>\n<\/div>\n\n\n\n<div class=\"is-layout-flow wp-block-column\">\n<div class=\"is-layout-constrained wp-block-group\">\n<figure class=\"wp-block-image size-full fc-auto\"><a href=\"https:\/\/www.camping-keranterec.com\/de\/camping-bretagne-freibad\/\"><img alt=\"\" decoding=\"async\" loading=\"lazy\" width=\"1024\" height=\"684\" src=\"https:\/\/www.camping-keranterec.com\/wp-content\/uploads\/2023\/10\/camping-de-keranterec-5184-1024x684-1.jpg\" alt=\"\" class=\"wp-image-643\" srcset=\"https:\/\/www.camping-keranterec.com\/wp-content\/uploads\/2023\/10\/camping-de-keranterec-5184-1024x684-1.jpg 1024w, https:\/\/www.camping-keranterec.com\/wp-content\/uploads\/2023\/10\/camping-de-keranterec-5184-1024x684-1-300x200.jpg 300w, https:\/\/www.camping-keranterec.com\/wp-content\/uploads\/2023\/10\/camping-de-keranterec-5184-1024x684-1-768x513.jpg 768w\" sizes=\"(max-width: 1024px) 100vw, 1024px\" \/><\/a><figcaption class=\"wp-element-caption\">Wasserraum<\/figcaption><\/figure>\n<\/div>\n<\/div>\n<\/div>\n<\/div>\n","protected":false},"excerpt":{"rendered":"<p>Unsere Campingpl\u00e4tze in La For\u00eat Fouesnant Gelungener Campingurlaub im Finist\u00e8re Der 4* Campingplatz K\u00e9rant\u00e9rec empf\u00e4ngt Sie f\u00fcr Ihren Urlaub auf einem Stellplatz im s\u00fcdlichen Finist\u00e8re, direkt am Meer! Der Campingplatz liegt zwischen Fouesnant und Concarneau und verf\u00fcgt \u00fcber eine ideale Lage, um die Region zu erkunden und gleichzeitig das Meer zu genie\u00dfen. Ein Campingplatz in [&hellip;]<\/p>\n","protected":false},"author":1,"featured_media":0,"parent":0,"menu_order":0,"comment_status":"closed","ping_status":"closed","template":"","meta":{"_seopress_robots_primary_cat":"","_seopress_titles_title":"","_seopress_titles_desc":"","_seopress_robots_index":""},"acf":[],"_links":{"self":[{"href":"https:\/\/www.camping-keranterec.com\/de\/wp-json\/wp\/v2\/pages\/2687"}],"collection":[{"href":"https:\/\/www.camping-keranterec.com\/de\/wp-json\/wp\/v2\/pages"}],"about":[{"href":"https:\/\/www.camping-keranterec.com\/de\/wp-json\/wp\/v2\/types\/page"}],"author":[{"embeddable":true,"href":"https:\/\/www.camping-keranterec.com\/de\/wp-json\/wp\/v2\/users\/1"}],"replies":[{"embeddable":true,"href":"https:\/\/www.camping-keranterec.com\/de\/wp-json\/wp\/v2\/comments?post=2687"}],"version-history":[{"count":6,"href":"https:\/\/www.camping-keranterec.com\/de\/wp-json\/wp\/v2\/pages\/2687\/revisions"}],"predecessor-version":[{"id":4173,"href":"https:\/\/www.camping-keranterec.com\/de\/wp-json\/wp\/v2\/pages\/2687\/revisions\/4173"}],"wp:attachment":[{"href":"https:\/\/www.camping-keranterec.com\/de\/wp-json\/wp\/v2\/media?parent=2687"}],"curies":[{"name":"wp","href":"https:\/\/api.w.org\/{rel}","templated":true}]}}